{"id":15,"date":"2021-03-19T11:19:58","date_gmt":"2021-03-19T10:19:58","guid":{"rendered":"http:\/\/iwkmgof.cluster026.hosting.ovh.net\/?page_id=15"},"modified":"2024-06-09T11:40:18","modified_gmt":"2024-06-09T09:40:18","slug":"a-propos","status":"publish","type":"page","link":"https:\/\/amicaledetection.fr\/?page_id=15","title":{"rendered":"L&rsquo;Association"},"content":{"rendered":"\n<div class=\"wp-block-cover alignfull is-light\" style=\"min-height:400px;aspect-ratio:unset;\"><span aria-hidden=\"true\" class=\"wp-block-cover__background has-nv-site-bg-background-color has-background-dim\"><\/span><img loading=\"lazy\" decoding=\"async\" width=\"1701\" height=\"1111\" class=\"wp-block-cover__image-background wp-image-42\" alt=\"\" src=\"https:\/\/amicaledetection.fr\/wp-content\/uploads\/2021\/03\/Hossegor-Seignosse-blog.jpeg\" style=\"object-position:50% 19%\" data-object-fit=\"cover\" data-object-position=\"50% 19%\" srcset=\"https:\/\/amicaledetection.fr\/wp-content\/uploads\/2021\/03\/Hossegor-Seignosse-blog.jpeg 1701w, https:\/\/amicaledetection.fr\/wp-content\/uploads\/2021\/03\/Hossegor-Seignosse-blog-300x196.jpeg 300w, https:\/\/amicaledetection.fr\/wp-content\/uploads\/2021\/03\/Hossegor-Seignosse-blog-1024x669.jpeg 1024w, https:\/\/amicaledetection.fr\/wp-content\/uploads\/2021\/03\/Hossegor-Seignosse-blog-768x502.jpeg 768w, https:\/\/amicaledetection.fr\/wp-content\/uploads\/2021\/03\/Hossegor-Seignosse-blog-1536x1003.jpeg 1536w\" sizes=\"auto, (max-width: 1701px) 100vw, 1701px\" \/><div class=\"wp-block-cover__inner-container is-layout-flow wp-block-cover-is-layout-flow\">\n<div class=\"wp-block-group\"><div class=\"wp-block-group__inner-container is-layout-flow wp-block-group-is-layout-flow\">\n<h1 class=\"wp-block-heading has-text-align-center has-neve-link-color-color has-text-color\">L&rsquo;ADLG, 22 ans d&rsquo;histoire<\/h1>\n<\/div><\/div>\n<\/div><\/div>\n\n\n\n<div class=\"wp-block-cover alignfull\" style=\"min-height:600px;aspect-ratio:unset;\"><span aria-hidden=\"true\" class=\"wp-block-cover__background has-nv-dark-bg-background-color has-background-dim-100 has-background-dim\"><\/span><div class=\"wp-block-cover__inner-container is-layout-flow wp-block-cover-is-layout-flow\">\n<div class=\"wp-block-group\"><div class=\"wp-block-group__inner-container is-layout-flow wp-block-group-is-layout-flow\">\n<div style=\"height:80px\" aria-hidden=\"true\" class=\"wp-block-spacer\"><\/div>\n\n\n\n<div class=\"wp-block-columns are-vertically-aligned-center is-layout-flex wp-container-core-columns-is-layout-9d6595d7 wp-block-columns-is-layout-flex\">\n<div class=\"wp-block-column is-vertically-aligned-center is-layout-flow wp-block-column-is-layout-flow\" style=\"flex-basis:50%\">\n<h2 class=\"wp-block-heading has-nv-text-dark-bg-color has-text-color\">Qui sommes nous ?<\/h2>\n\n\n\n<p class=\"has-nv-text-dark-bg-color has-text-color\">Depuis presque 22 ans, l&rsquo;Amicale D\u00e9tection Landes Gascogne r\u00e9unit une vingtaine de passionn\u00e9s de d\u00e9tection pour partager ensemble leur passion au gr\u00e9 des multiples activit\u00e9s r\u00e9alis\u00e9es au cours des ans.<\/p>\n\n\n\n<div style=\"height:20px\" aria-hidden=\"true\" class=\"wp-block-spacer\"><\/div>\n\n\n\n<div class=\"wp-block-buttons is-layout-flex wp-block-buttons-is-layout-flex\">\n<div class=\"wp-block-button is-style-primary\"><a class=\"wp-block-button__link has-nv-site-bg-color has-text-color has-background wp-element-button\" href=\"\/\/www.facebook.com\/associationadlg\/\" style=\"background-color:#3b5998\" target=\"_blank\" rel=\"noreferrer noopener\">D\u00e9couvrez nous sur Facebook<\/a><\/div>\n<\/div>\n\n\n\n<div style=\"height:20px\" aria-hidden=\"true\" class=\"wp-block-spacer\"><\/div>\n<\/div>\n\n\n\n<div class=\"wp-block-column is-vertically-aligned-center is-layout-flow wp-block-column-is-layout-flow\" style=\"flex-basis:50%\">\n<figure class=\"wp-block-image size-large\"><img loading=\"lazy\" decoding=\"async\" width=\"994\" height=\"560\" src=\"https:\/\/amicaledetection.fr\/wp-content\/uploads\/2021\/03\/21993059_831597063675924_7448231389433867024_o.jpg\" alt=\"\" class=\"wp-image-1848\" srcset=\"https:\/\/amicaledetection.fr\/wp-content\/uploads\/2021\/03\/21993059_831597063675924_7448231389433867024_o.jpg 994w, https:\/\/amicaledetection.fr\/wp-content\/uploads\/2021\/03\/21993059_831597063675924_7448231389433867024_o-300x169.jpg 300w, https:\/\/amicaledetection.fr\/wp-content\/uploads\/2021\/03\/21993059_831597063675924_7448231389433867024_o-768x433.jpg 768w\" sizes=\"auto, (max-width: 994px) 100vw, 994px\" \/><\/figure>\n<\/div>\n<\/div>\n\n\n\n<div style=\"height:40px\" aria-hidden=\"true\" class=\"wp-block-spacer\"><\/div>\n\n\n\n<p><\/p>\n<\/div><\/div>\n<\/div><\/div>\n\n\n\n<h2 class=\"wp-block-heading\">Des passionn\u00e9s avec des valeurs fortes&#8230;<\/h2>\n\n\n\n<div class=\"wp-block-cover alignfull\" style=\"min-height:420px;aspect-ratio:unset;\"><span aria-hidden=\"true\" class=\"wp-block-cover__background has-nv-text-dark-bg-background-color has-background-dim-100 has-background-dim\"><\/span><div class=\"wp-block-cover__inner-container is-layout-flow wp-block-cover-is-layout-flow\">\n<div style=\"height:80px\" aria-hidden=\"true\" class=\"wp-block-spacer\"><\/div>\n\n\n\n<div class=\"wp-block-columns is-layout-flex wp-container-core-columns-is-layout-9d6595d7 wp-block-columns-is-layout-flex\">\n<div class=\"wp-block-column ticss-4ce656f1 is-layout-flow wp-block-column-is-layout-flow\"><div class=\"wp-block-image\">\n<figure class=\"aligncenter size-large\"><img loading=\"lazy\" decoding=\"async\" width=\"58\" height=\"58\" src=\"https:\/\/amicaledetection.fr\/wp-content\/uploads\/2021\/03\/galets.jpg\" alt=\"\" class=\"wp-image-2592\"\/><\/figure>\n<\/div>\n\n\n<h3 class=\"wp-block-heading has-text-align-left has-text-align-center has-neve-text-color-color has-text-color\">La D\u00e9ontologie<br><\/h3>\n\n\n\n<p class=\"has-text-align-left has-neve-text-color-color has-text-color\" style=\"font-size:15px\">Nous prenons un grand plaisir \u00e0 nous mettre au service des autres afin de rechercher les objets perdus. Notre \u00e9thique :<strong> <\/strong>\u00eatre honn\u00eate et avoir confiance en chacun des membres afin qu&rsquo;il effectue la recherche avec minutie et professionnalisme. Vous pouvez avoir toute confiance dans les intervenants de l&rsquo;association en leur confiant le lieu exact de la perte et vous pourrez m\u00eame l&rsquo;accompagner lors des recherches. Chaque ann\u00e9e, les objets perdus de valeur et reconnaissables par une inscription par exemple, sont r\u00e9f\u00e9renc\u00e9s et restent \u00e0 la disposition des propri\u00e9taires, s\u2019ils se font conna\u00eetre. Chaque bijou retrouv\u00e9 l\u2019hiver est compar\u00e9 \u00e0 la liste des objets d\u00e9clar\u00e9s perdus pour restitution.<\/p>\n\n\n\n<div style=\"height:20px\" aria-hidden=\"true\" class=\"wp-block-spacer\"><\/div>\n<\/div>\n\n\n\n<div class=\"wp-block-column ticss-f6fc7494 is-layout-flow wp-block-column-is-layout-flow\"><div class=\"wp-block-image icon-style is-style-rounded\">\n<figure class=\"aligncenter size-large\"><img loading=\"lazy\" decoding=\"async\" width=\"58\" height=\"58\" src=\"https:\/\/amicaledetection.fr\/wp-content\/uploads\/2021\/03\/dechets.jpg\" alt=\"\" class=\"wp-image-2606\"\/><\/figure>\n<\/div>\n\n\n<h3 class=\"wp-block-heading has-text-align-left has-text-align-center has-neve-text-color-color has-text-color\">L&rsquo;\u00c9co-conduite<br><\/h3>\n\n\n\n<p class=\"has-text-align-left has-neve-text-color-color has-text-color\" style=\"font-size:15px\">A chaque sortie plage, nos d\u00e9tecteurs nous rappellent que le sol est jonch\u00e9 de d\u00e9chets m\u00e9talliques en tout genre. Sur les plages, nous r\u00e9cup\u00e9rons beaucoup de macro d\u00e9chets (capsules, bouchons de bouteilles, cannettes, piquets de tentes, d\u00e9bris ferreux d&rsquo;\u00e9paves, \u2026). Syst\u00e9matiquement, nous d\u00e9polluons les zones de recherches. Contrairement \u00e0 de nombreux chercheurs de m\u00e9taux, nous effectuons un geste tr\u00e8s simple : nous sortons ces d\u00e9chets et nous les trions par mati\u00e8re ! Ce sont plusieurs dizaines de kilos par an qui partent ainsi rejoindre les fili\u00e8res de recyclage.<\/p>\n\n\n\n<div style=\"height:20px\" aria-hidden=\"true\" class=\"wp-block-spacer\"><\/div>\n<\/div>\n\n\n\n<div class=\"wp-block-column ticss-f6fc7494 is-layout-flow wp-block-column-is-layout-flow\"><div class=\"wp-block-image icon-style is-style-rounded\">\n<figure class=\"aligncenter size-large\"><img loading=\"lazy\" decoding=\"async\" width=\"58\" height=\"58\" src=\"https:\/\/amicaledetection.fr\/wp-content\/uploads\/2021\/03\/feu.jpg\" alt=\"\" class=\"wp-image-2608\"\/><\/figure>\n<\/div>\n\n\n<h3 class=\"wp-block-heading has-text-align-left has-text-align-center has-neve-text-color-color has-text-color\">La Convivialit\u00e9<br><\/h3>\n\n\n\n<p class=\"has-text-align-left has-neve-text-color-color has-text-color\" style=\"font-size:15px\">Plus souvent qu\u2019au coin du feu, c\u2019est lors de pique-niques grand confort que nous avons le plaisir de nous retrouver, de gueuletonner et de discuter. De quoi ? De notre passion bien s\u00fbr. Nos trouvailles sont montr\u00e9es, examin\u00e9es, comment\u00e9es et admir\u00e9es (surtout lors d\u2019une trouvaille inhabituelle). Nous parlons aussi r\u00e9glages en fonction des lieux et des appareils, de nos soucis m\u00e9caniques et possibilit\u00e9s de r\u00e9parations. Mais nous sommes aussi tr\u00e8s loquaces \u00e0 propos de nos coups de c\u0153ur pour tel ou tel d\u00e9tecteur, de nos rencontres fortuites sur les plages \u2026 Brefs nous sommes d\u2019incorrigibles bavards qui avons toujours autant de plaisir \u00e0 partager m\u00eame si nous nous r\u00e9p\u00e9tons parfois.<\/p>\n\n\n\n<div style=\"height:20px\" aria-hidden=\"true\" class=\"wp-block-spacer\"><\/div>\n<\/div>\n\n\n\n<div class=\"wp-block-column ticss-f6fc7494 is-layout-flow wp-block-column-is-layout-flow\"><div class=\"wp-block-image icon-style is-style-rounded\">\n<figure class=\"aligncenter size-large\"><img loading=\"lazy\" decoding=\"async\" width=\"58\" height=\"58\" src=\"https:\/\/amicaledetection.fr\/wp-content\/uploads\/2021\/03\/respect.jpg\" alt=\"\" class=\"wp-image-2609\"\/><\/figure>\n<\/div>\n\n\n<h3 class=\"wp-block-heading has-text-align-left has-text-align-center has-neve-text-color-color has-text-color\">Le Respect des r\u00e8glementations<\/h3>\n\n\n\n<p class=\"has-text-align-left has-neve-text-color-color has-text-color\" style=\"font-size:15px\">L&rsquo;utilisation des d\u00e9tecteurs de m\u00e9taux \u00e9tant soumise \u00e0 une r\u00e9glementation particuli\u00e8re (notamment l&rsquo;Art. L. 542-1 du code du patrimoine), nous attachons un soin particulier \u00e0 respecter et faire respecter ses directives par nos adh\u00e9rents. Lors des journ\u00e9es d&rsquo;initiation \u00e0 la d\u00e9tection ou lors des expositions, nous expliquons en d\u00e9tail la r\u00e9glementation en vigueur \u00e0 nos invit\u00e9s ou visiteurs. Nos sorties dans les champs, ne s&rsquo;effectuent que sur des zones exemptes de vestiges historiques ou arch\u00e9ologiques connus et dont les couches sup\u00e9rieures ont \u00e9t\u00e9 m\u00e9caniquement alt\u00e9r\u00e9es. Cela n&#8217;emp\u00eache en rien de trouver de nombreux objets int\u00e9ressants qui sont recens\u00e9s et remis au propri\u00e9taire du terrain. Un compte rendu de sortie est \u00e9galement communiqu\u00e9 aux services arch\u00e9ologiques.<\/p>\n\n\n\n<div style=\"height:20px\" aria-hidden=\"true\" class=\"wp-block-spacer\"><\/div>\n<\/div>\n<\/div>\n<\/div><\/div>\n\n\n\n<div class=\"wp-block-cover alignfull\" style=\"min-height:600px;aspect-ratio:unset;\"><span aria-hidden=\"true\" class=\"wp-block-cover__background has-neve-link-hover-color-background-color has-background-dim-100 has-background-dim\"><\/span><div class=\"wp-block-cover__inner-container is-layout-flow wp-block-cover-is-layout-flow\">\n<div class=\"wp-block-group\"><div class=\"wp-block-group__inner-container is-layout-flow wp-block-group-is-layout-flow\">\n<h2 class=\"wp-block-heading\">Le Bureau<\/h2>\n\n\n\n<div class=\"wp-block-columns is-layout-flex wp-container-core-columns-is-layout-9d6595d7 wp-block-columns-is-layout-flex\">\n<div class=\"wp-block-column is-layout-flow wp-block-column-is-layout-flow\">\n<figure class=\"wp-block-image size-large is-resized is-style-default\"><img loading=\"lazy\" decoding=\"async\" width=\"1000\" height=\"1000\" src=\"https:\/\/amicaledetection.fr\/wp-content\/uploads\/2021\/03\/Marc_houze.jpg\" alt=\"\" class=\"wp-image-103\" style=\"width:255px;height:255px\" srcset=\"https:\/\/amicaledetection.fr\/wp-content\/uploads\/2021\/03\/Marc_houze.jpg 1000w, https:\/\/amicaledetection.fr\/wp-content\/uploads\/2021\/03\/Marc_houze-300x300.jpg 300w, https:\/\/amicaledetection.fr\/wp-content\/uploads\/2021\/03\/Marc_houze-150x150.jpg 150w, https:\/\/amicaledetection.fr\/wp-content\/uploads\/2021\/03\/Marc_houze-768x768.jpg 768w\" sizes=\"auto, (max-width: 1000px) 100vw, 1000px\" \/><\/figure>\n\n\n\n<h3 class=\"wp-block-heading has-text-align-center has-neve-text-color-color has-text-color\">Marc HOUZE<\/h3>\n\n\n\n<p class=\"has-text-align-center has-neve-text-color-color has-text-color\">Pr\u00e9sident<\/p>\n\n\n\n<div style=\"height:40px\" aria-hidden=\"true\" class=\"wp-block-spacer\"><\/div>\n<\/div>\n\n\n\n<div class=\"wp-block-column is-layout-flow wp-block-column-is-layout-flow\">\n<figure class=\"wp-block-image size-large is-resized is-style-default\"><img loading=\"lazy\" decoding=\"async\" width=\"227\" height=\"283\" src=\"https:\/\/amicaledetection.fr\/wp-content\/uploads\/2021\/03\/Yannick.jpg\" alt=\"\" class=\"wp-image-2603\" style=\"width:227px;height:250px\"\/><\/figure>\n\n\n\n<h3 class=\"wp-block-heading has-text-align-center has-neve-text-color-color has-text-color\">Yannick FAUCHER<\/h3>\n\n\n\n<p class=\"has-text-align-center has-neve-text-color-color has-text-color\">Tr\u00e9sorier<\/p>\n\n\n\n<div style=\"height:40px\" aria-hidden=\"true\" class=\"wp-block-spacer\"><\/div>\n<\/div>\n\n\n\n<div class=\"wp-block-column is-vertically-aligned-center is-layout-flow wp-block-column-is-layout-flow\"><div class=\"wp-block-image is-style-default\">\n<figure class=\"aligncenter size-full is-resized\"><img loading=\"lazy\" decoding=\"async\" width=\"227\" height=\"283\" src=\"https:\/\/amicaledetection.fr\/wp-content\/uploads\/2022\/06\/Maryse.jpg\" alt=\"\" class=\"wp-image-3071\" style=\"width:181px;height:226px\"\/><\/figure>\n<\/div>\n\n\n<h3 class=\"wp-block-heading alignwide has-text-align-center has-neve-text-color-color has-text-color\">Maryse Passerieux<\/h3>\n\n\n\n<p class=\"has-text-align-center has-neve-text-color-color has-text-color\">Secr\u00e9taire<\/p>\n\n\n\n<div style=\"height:40px\" aria-hidden=\"true\" class=\"wp-block-spacer\"><\/div>\n<\/div>\n<\/div>\n<\/div><\/div>\n<\/div><\/div>\n\n\n\n<h2 class=\"wp-block-heading\">Notre en histoire en quelques dates<\/h2>\n\n\n\n<div class=\"wp-block-timeline-express-timeline-block\">\t\t\t<section id=\"cd-timeline\" class=\"cd-container timeline-express\">\n\n\t\t\t\n<div class=\"cd-timeline-block mars 26 2021 announcement-2613\">\n\n\t\n\t\t<div class=\"cd-timeline-img cd-picture icon-no-readmore\" style=\"background:#00d6c7;\">\n\n\t\t\t<!-- Custom Action Hook -->\n\t\t\t\n\t\t\t\t<!-- Standard Font Awesome Icon -->\n\t\t\t\t<span class=\"fa fa-map-marker\" title=\"Time-Line en construction\"><\/span>\n\n\t\t\t\n\t\t<\/div> <!-- cd-timeline-img -->\n\n\t\n\t<!-- Timeline Content -->\n\t<div class=\"cd-timeline-content\">\n\n\t\t\n\t\t<!-- Announcement Title -->\n\t\t<div class=\"cd-timeline-title-container\">\n\n\t\t\t\n\t\t\t<h2 class=\"cd-timeline-item-title\">\n\t\t\t\tTime-Line en construction\t\t\t<\/h2>\n\n\t\t\t\t\t\t\t<p class=\"timeline-date\">\n\t\t\t\t\t26 mars 2021\t\t\t\t<\/p>\n\t\t\t\t\t\t<\/div>\n\t\t<!-- End Announcement Title -->\n\n\t\t<img loading=\"lazy\" decoding=\"async\" width=\"275\" height=\"120\" src=\"https:\/\/amicaledetection.fr\/wp-content\/uploads\/2021\/03\/Travaux-275x120.jpg\" class=\"announcement-banner-image\" alt=\"Time-Line en construction\" \/>\n\t\t<!-- Announcement Excerpt -->\n\t\t<div class=\"the-excerpt\">\n\t\t\t<p>La mise \u00e0 jour est en cours&#8230;<\/p>\n\t\t<\/div>\n\t\t<!-- End Announcement Excerpt -->\n\n\t\t\n\t<\/div>\n\t<!-- End Timeline Content -->\n\n<\/div>\n<!-- End Timeline Block -->\n\n<div class=\"cd-timeline-block f\u00e9vrier 06 2006 announcement-2584\">\n\n\t\n\t\t<div class=\"cd-timeline-img cd-picture icon-no-readmore\" style=\"background:#00d6c7;\">\n\n\t\t\t<!-- Custom Action Hook -->\n\t\t\t\n\t\t\t\t<!-- Standard Font Awesome Icon -->\n\t\t\t\t<span class=\"fa fa-map-marker\" title=\"F\u00eates de la Mer\"><\/span>\n\n\t\t\t\n\t\t<\/div> <!-- cd-timeline-img -->\n\n\t\n\t<!-- Timeline Content -->\n\t<div class=\"cd-timeline-content\">\n\n\t\t\n\t\t<!-- Announcement Title -->\n\t\t<div class=\"cd-timeline-title-container\">\n\n\t\t\t\n\t\t\t<h2 class=\"cd-timeline-item-title\">\n\t\t\t\tF\u00eates de la Mer\t\t\t<\/h2>\n\n\t\t\t\t\t\t\t<p class=\"timeline-date\">\n\t\t\t\t\t6 f\u00e9vrier 2006\t\t\t\t<\/p>\n\t\t\t\t\t\t<\/div>\n\t\t<!-- End Announcement Title -->\n\n\t\t<img loading=\"lazy\" decoding=\"async\" width=\"182\" height=\"120\" src=\"https:\/\/amicaledetection.fr\/wp-content\/uploads\/2021\/03\/Fetes_Mer_VBoucau_26_06_04_04-e1616698179321.jpg\" class=\"announcement-banner-image\" alt=\"F\u00eates de la Mer\" \/>\n\t\t<!-- Announcement Excerpt -->\n\t\t<div class=\"the-excerpt\">\n\t\t\t<p>&nbsp; Exposition lors des F\u00eates de la Mer \u00e0 Vieux Boucau les Bains.<\/p>\n\t\t<\/div>\n\t\t<!-- End Announcement Excerpt -->\n\n\t\t\n\t<\/div>\n\t<!-- End Timeline Content -->\n\n<\/div>\n<!-- End Timeline Block -->\n\n<div class=\"cd-timeline-block d\u00e9cembre 03 2005 announcement-2582\">\n\n\t\n\t\t<div class=\"cd-timeline-img cd-picture icon-no-readmore\" style=\"background:#00d6c7;\">\n\n\t\t\t<!-- Custom Action Hook -->\n\t\t\t\n\t\t\t\t<!-- Standard Font Awesome Icon -->\n\t\t\t\t<span class=\"fa fa-map-marker\" title=\"Premi\u00e8re autorisation pr\u00e9fectorale\"><\/span>\n\n\t\t\t\n\t\t<\/div> <!-- cd-timeline-img -->\n\n\t\n\t<!-- Timeline Content -->\n\t<div class=\"cd-timeline-content\">\n\n\t\t\n\t\t<!-- Announcement Title -->\n\t\t<div class=\"cd-timeline-title-container\">\n\n\t\t\t\n\t\t\t<h2 class=\"cd-timeline-item-title\">\n\t\t\t\tPremi\u00e8re autorisation pr\u00e9fectorale\t\t\t<\/h2>\n\n\t\t\t\t\t\t\t<p class=\"timeline-date\">\n\t\t\t\t\t3 d\u00e9cembre 2005\t\t\t\t<\/p>\n\t\t\t\t\t\t<\/div>\n\t\t<!-- End Announcement Title -->\n\n\t\t<img loading=\"lazy\" decoding=\"async\" width=\"227\" height=\"120\" src=\"https:\/\/amicaledetection.fr\/wp-content\/uploads\/2021\/03\/logoRF-1-227x120.jpg\" class=\"announcement-banner-image\" alt=\"Premi\u00e8re autorisation pr\u00e9fectorale\" \/>\n\t\t<!-- Announcement Excerpt -->\n\t\t<div class=\"the-excerpt\">\n\t\t\t<p>Premi\u00e8re autorisation pr\u00e9fectorale de fouilles arch\u00e9ologiques \u00e0 l&rsquo;aide de d\u00e9tecteurs de m\u00e9taux d\u00e9livr\u00e9e pour l&rsquo;association (au nom du pr\u00e9sident) sur la commune d&rsquo;Urgons.<\/p>\n\t\t<\/div>\n\t\t<!-- End Announcement Excerpt -->\n\n\t\t\n\t<\/div>\n\t<!-- End Timeline Content -->\n\n<\/div>\n<!-- End Timeline Block -->\n\n<div class=\"cd-timeline-block mars 09 2003 announcement-2551\">\n\n\t\n\t\t<div class=\"cd-timeline-img cd-picture icon-no-readmore\" style=\"background:#00d6c7;\">\n\n\t\t\t<!-- Custom Action Hook -->\n\t\t\t\n\t\t\t\t<!-- Standard Font Awesome Icon -->\n\t\t\t\t<span class=\"fa fa-map-marker\" title=\"De nouveaux membres arrivent dans l&rsquo;association\"><\/span>\n\n\t\t\t\n\t\t<\/div> <!-- cd-timeline-img -->\n\n\t\n\t<!-- Timeline Content -->\n\t<div class=\"cd-timeline-content\">\n\n\t\t\n\t\t<!-- Announcement Title -->\n\t\t<div class=\"cd-timeline-title-container\">\n\n\t\t\t\n\t\t\t<h2 class=\"cd-timeline-item-title\">\n\t\t\t\tDe nouveaux membres arrivent dans l&rsquo;association\t\t\t<\/h2>\n\n\t\t\t\t\t\t\t<p class=\"timeline-date\">\n\t\t\t\t\t9 mars 2003\t\t\t\t<\/p>\n\t\t\t\t\t\t<\/div>\n\t\t<!-- End Announcement Title -->\n\n\t\t<img loading=\"lazy\" decoding=\"async\" width=\"350\" height=\"120\" src=\"https:\/\/amicaledetection.fr\/wp-content\/uploads\/2021\/03\/newmembres-350x120.jpg\" class=\"announcement-banner-image\" alt=\"De nouveaux membres arrivent dans l&rsquo;association\" \/>\n\t\t<!-- Announcement Excerpt -->\n\t\t<div class=\"the-excerpt\">\n\t\t\t<p>Dont Didier et Marc toujours pr\u00e9sent et m\u00eame devenu pr\u00e9sident de l&rsquo;association !<\/p>\n\t\t<\/div>\n\t\t<!-- End Announcement Excerpt -->\n\n\t\t\n\t<\/div>\n\t<!-- End Timeline Content -->\n\n<\/div>\n<!-- End Timeline Block -->\n\n<div class=\"cd-timeline-block avril 01 2002 announcement-1863\">\n\n\t\n\t\t<div class=\"cd-timeline-img cd-picture icon-no-readmore\" style=\"background:#00d6c7;\">\n\n\t\t\t<!-- Custom Action Hook -->\n\t\t\t\n\t\t\t\t<!-- Standard Font Awesome Icon -->\n\t\t\t\t<span class=\"fa fa-map-marker\" title=\"D\u00e9claration officielle\"><\/span>\n\n\t\t\t\n\t\t<\/div> <!-- cd-timeline-img -->\n\n\t\n\t<!-- Timeline Content -->\n\t<div class=\"cd-timeline-content\">\n\n\t\t\n\t\t<!-- Announcement Title -->\n\t\t<div class=\"cd-timeline-title-container\">\n\n\t\t\t\n\t\t\t<h2 class=\"cd-timeline-item-title\">\n\t\t\t\tD\u00e9claration officielle\t\t\t<\/h2>\n\n\t\t\t\t\t\t\t<p class=\"timeline-date\">\n\t\t\t\t\t1 avril 2002\t\t\t\t<\/p>\n\t\t\t\t\t\t<\/div>\n\t\t<!-- End Announcement Title -->\n\n\t\t<img loading=\"lazy\" decoding=\"async\" width=\"227\" height=\"120\" src=\"https:\/\/amicaledetection.fr\/wp-content\/uploads\/2021\/03\/logoRF-1-227x120.jpg\" class=\"announcement-banner-image\" alt=\"D\u00e9claration officielle\" \/>\n\t\t<!-- Announcement Excerpt -->\n\t\t<div class=\"the-excerpt\">\n\t\t\t<p>La Pr\u00e9fecture des Landes officialise la cr\u00e9ation de l&rsquo;Amicale D\u00e9tection Landes Gascogne. le d\u00e9but d&rsquo;une formidable aventure commence !<\/p>\n\t\t<\/div>\n\t\t<!-- End Announcement Excerpt -->\n\n\t\t\n\t<\/div>\n\t<!-- End Timeline Content -->\n\n<\/div>\n<!-- End Timeline Block -->\n\n<div class=\"cd-timeline-block f\u00e9vrier 12 2002 announcement-1864\">\n\n\t\n\t\t<div class=\"cd-timeline-img cd-picture icon-no-readmore\" style=\"background:#00d6c7;\">\n\n\t\t\t<!-- Custom Action Hook -->\n\t\t\t\n\t\t\t\t<!-- Standard Font Awesome Icon -->\n\t\t\t\t<span class=\"fa fa-map-marker\" title=\"Premier repas, une table suffisait\"><\/span>\n\n\t\t\t\n\t\t<\/div> <!-- cd-timeline-img -->\n\n\t\n\t<!-- Timeline Content -->\n\t<div class=\"cd-timeline-content\">\n\n\t\t\n\t\t<!-- Announcement Title -->\n\t\t<div class=\"cd-timeline-title-container\">\n\n\t\t\t\n\t\t\t<h2 class=\"cd-timeline-item-title\">\n\t\t\t\tPremier repas, une table suffisait\t\t\t<\/h2>\n\n\t\t\t\t\t\t\t<p class=\"timeline-date\">\n\t\t\t\t\t12 f\u00e9vrier 2002\t\t\t\t<\/p>\n\t\t\t\t\t\t<\/div>\n\t\t<!-- End Announcement Title -->\n\n\t\t<img loading=\"lazy\" decoding=\"async\" width=\"120\" height=\"120\" src=\"https:\/\/amicaledetection.fr\/wp-content\/uploads\/2021\/03\/Debut-1-e1616748444933.jpg\" class=\"announcement-banner-image\" alt=\"Premier repas, une table suffisait\" \/>\n\t\t<!-- Announcement Excerpt -->\n\t\t<div class=\"the-excerpt\">\n\t\t\t<p>Et oui, si l&rsquo;association est devenue ce qu&rsquo;elle est aujourd&rsquo;hui, c&rsquo;est en partie gr\u00e2ce \u00e0 ces trois personnes. En photo, nos amis partagent leurs repas<\/p>\n\t\t<\/div>\n\t\t<!-- End Announcement Excerpt -->\n\n\t\t\n\t<\/div>\n\t<!-- End Timeline Content -->\n\n<\/div>\n<!-- End Timeline Block -->\n\n\t\t\t<\/section>\n\n\t\t\t<!-- Timeline Express Free v1.8.1 | Site: https:\/\/www.wp-timelineexpress.com | Author: CodeParrots - http:\/\/www.codeparrots.com --><\/div>\n","protected":false},"excerpt":{"rendered":"<p>Des passionn\u00e9s avec des valeurs fortes&#8230; Notre en histoire en quelques dates<\/p>\n","protected":false},"author":1,"featured_media":0,"parent":0,"menu_order":0,"comment_status":"closed","ping_status":"closed","template":"","meta":{"neve_meta_sidebar":"","neve_meta_container":"","neve_meta_enable_content_width":"on","neve_meta_content_width":100,"neve_meta_title_alignment":"","neve_meta_author_avatar":"","neve_post_elements_order":"","neve_meta_disable_header":"","neve_meta_disable_footer":"","neve_meta_disable_title":"on","footnotes":""},"class_list":["post-15","page","type-page","status-publish","hentry"],"_links":{"self":[{"href":"https:\/\/amicaledetection.fr\/index.php?rest_route=\/wp\/v2\/pages\/15","targetHints":{"allow":["GET"]}}],"collection":[{"href":"https:\/\/amicaledetection.fr\/index.php?rest_route=\/wp\/v2\/pages"}],"about":[{"href":"https:\/\/amicaledetection.fr\/index.php?rest_route=\/wp\/v2\/types\/page"}],"author":[{"embeddable":true,"href":"https:\/\/amicaledetection.fr\/index.php?rest_route=\/wp\/v2\/users\/1"}],"replies":[{"embeddable":true,"href":"https:\/\/amicaledetection.fr\/index.php?rest_route=%2Fwp%2Fv2%2Fcomments&post=15"}],"version-history":[{"count":23,"href":"https:\/\/amicaledetection.fr\/index.php?rest_route=\/wp\/v2\/pages\/15\/revisions"}],"predecessor-version":[{"id":3289,"href":"https:\/\/amicaledetection.fr\/index.php?rest_route=\/wp\/v2\/pages\/15\/revisions\/3289"}],"wp:attachment":[{"href":"https:\/\/amicaledetection.fr\/index.php?rest_route=%2Fwp%2Fv2%2Fmedia&parent=15"}],"curies":[{"name":"wp","href":"https:\/\/api.w.org\/{rel}","templated":true}]}}