{"id":16,"date":"2021-03-19T11:19:58","date_gmt":"2021-03-19T10:19:58","guid":{"rendered":"http:\/\/iwkmgof.cluster026.hosting.ovh.net\/?page_id=16"},"modified":"2024-07-01T19:00:00","modified_gmt":"2024-07-01T17:00:00","slug":"contact","status":"publish","type":"page","link":"https:\/\/amicaledetection.fr\/?page_id=16","title":{"rendered":"Contact"},"content":{"rendered":"\n<div class=\"wp-block-cover alignfull is-light\" style=\"min-height:400px;aspect-ratio:unset;\"><span aria-hidden=\"true\" class=\"wp-block-cover__background has-nv-light-bg-background-color has-background-dim\"><\/span><img loading=\"lazy\" decoding=\"async\" width=\"1701\" height=\"1111\" class=\"wp-block-cover__image-background wp-image-42\" alt=\"\" src=\"https:\/\/amicaledetection.fr\/wp-content\/uploads\/2021\/03\/Hossegor-Seignosse-blog.jpeg\" style=\"object-position:50% 19%\" data-object-fit=\"cover\" data-object-position=\"50% 19%\" srcset=\"https:\/\/amicaledetection.fr\/wp-content\/uploads\/2021\/03\/Hossegor-Seignosse-blog.jpeg 1701w, https:\/\/amicaledetection.fr\/wp-content\/uploads\/2021\/03\/Hossegor-Seignosse-blog-300x196.jpeg 300w, https:\/\/amicaledetection.fr\/wp-content\/uploads\/2021\/03\/Hossegor-Seignosse-blog-1024x669.jpeg 1024w, https:\/\/amicaledetection.fr\/wp-content\/uploads\/2021\/03\/Hossegor-Seignosse-blog-768x502.jpeg 768w, https:\/\/amicaledetection.fr\/wp-content\/uploads\/2021\/03\/Hossegor-Seignosse-blog-1536x1003.jpeg 1536w\" sizes=\"auto, (max-width: 1701px) 100vw, 1701px\" \/><div class=\"wp-block-cover__inner-container is-layout-flow wp-block-cover-is-layout-flow\">\n<h1 class=\"wp-block-heading has-text-align-center has-neve-link-color-color has-text-color\">Contactez-nous<\/h1>\n\n\n\n<p class=\"has-text-align-center has-large-font-size\"><\/p>\n<\/div><\/div>\n\n\n\n<h2 class=\"wp-block-heading\">Vous avez une demande ?<\/h2>\n\n\n\n<div class=\"wp-block-columns is-layout-flex wp-container-core-columns-is-layout-9d6595d7 wp-block-columns-is-layout-flex\">\n<div class=\"wp-block-column is-layout-flow wp-block-column-is-layout-flow\">\n<h3 class=\"wp-block-heading\">Les infos utiles <\/h3>\n\n\n\n<h3 class=\"wp-block-heading\">Objets perdus<\/h3>\n\n\n\n<p>Vous avez perdu un objet sur la plage ? Aidez nous \u00e0 le retrouver au plus vite en nous donnant un maximum d&rsquo;informations sur le lieu de la perte. Le mieux prenez le point GPS de la zone avec WhatsApp ou autre.<br>O\u00f9 l&rsquo;avez vous perdu ?<br>Quel jour et \u00e0 quelle heure ?<br>Est-ce dans l&rsquo;eau, au bord de l&rsquo;eau ou sur le sable ?<br>De quel type d&rsquo;objets s&rsquo;agit-il ? Une bague ? Un bracelet ? Un t\u00e9l\u00e9phone ? une montre ?<br>Y a-t-il un \u00e9l\u00e9ment distinctif sur l&rsquo;objet ?<\/p>\n\n\n\n<h3 class=\"wp-block-heading\">Proposition de terrains<\/h3>\n\n\n\n<p>Vous poss\u00e9dez un terrain et vous d\u00e9sirez connaitre ce qu&rsquo;il contient ?<br>Pr\u00e9cisez dans le formulaire la superficie, le type de sol (argile, sable, terre, cailloux, &#8230;) et dans quelle ville il se situe ! Nous serons par la suite amen\u00e9s \u00e0 vous demander le num\u00e9ro de parcelle afin de pouvoir faire les d\u00e9marches l\u00e9gales n\u00e9cessaires \u00e0 l&rsquo;obtention d&rsquo;une autorisation. N&rsquo;h\u00e9sitez pas \u00e0 consulter le site <a rel=\"noreferrer noopener\" href=\"http:\/\/cadastre.gouv.fr\" target=\"_blank\">cadastre.gouv.fr <\/a>ou G\u00e9oportail.fr pour connaitre le num\u00e9ro de parcelle.<\/p>\n\n\n\n<h3 class=\"wp-block-heading\">Recherche de biens<\/h3>\n\n\n\n<p>Dans le pass\u00e9, il \u00e9tait courant de cacher ses \u00e9conomies \u00e0 l&rsquo;int\u00e9rieur ou \u00e0 l&rsquo;ext\u00e9rieur de sa maison. Cependant, par m\u00e9fiance, les cachettes \u00e9taient tardivement r\u00e9v\u00e9l\u00e9es voire jamais&#8230; Si vous pensez qu&rsquo;un bien peut \u00eatre cach\u00e9 chez vous, nous pouvons vous proposer un rendez-vous pour d\u00e9finir les modalit\u00e9s de la recherche et \u00e9tablir un protocole d&rsquo;accord.<br><em>Les recherches sont r\u00e9alis\u00e9es uniquement en pr\u00e9sence des propri\u00e9taires et avec discr\u00e9tion.<\/em><\/p>\n\n\n\n<h3 class=\"wp-block-heading\">Rejoindre l&rsquo;association<\/h3>\n\n\n\n<p>L&rsquo;association n&rsquo;est aujourd&rsquo;hui pas en recherche active de nouveaux membres. Les activit\u00e9s que nous organisons imposent un nombre limit\u00e9 de personne .<br>Nous souhaitons rassembler un groupe de personnes d&rsquo;une extr\u00eame confiance, sans quoi nos actions ne seraient pas r\u00e9alisables.<br>Vous \u00eates toutefois les bienvenus pour d\u00e9couvrir notre association et partager une activit\u00e9 avec nous gr\u00e2ce \u00e0 notre offre de d\u00e9couverte.<br>Nous vous recontacterons pour rejoindre notre association.<\/p>\n<\/div>\n\n\n\n<div class=\"wp-block-column is-layout-flow wp-block-column-is-layout-flow\">\n<div class=\"wp-block-contact-form-7-contact-form-selector\">\n<div class=\"wpcf7 no-js\" id=\"wpcf7-f83-o1\" lang=\"fr-FR\" dir=\"ltr\" data-wpcf7-id=\"83\">\n<div class=\"screen-reader-response\"><p role=\"status\" aria-live=\"polite\" aria-atomic=\"true\"><\/p> <ul><\/ul><\/div>\n<form action=\"\/index.php?rest_route=%2Fwp%2Fv2%2Fpages%2F16#wpcf7-f83-o1\" method=\"post\" class=\"wpcf7-form init\" aria-label=\"Formulaire de contact\" novalidate=\"novalidate\" data-status=\"init\">\n<fieldset class=\"hidden-fields-container\"><input type=\"hidden\" name=\"_wpcf7\" value=\"83\" \/><input type=\"hidden\" name=\"_wpcf7_version\" value=\"6.1.5\" \/><input type=\"hidden\" name=\"_wpcf7_locale\" value=\"fr_FR\" \/><input type=\"hidden\" name=\"_wpcf7_unit_tag\" value=\"wpcf7-f83-o1\" \/><input type=\"hidden\" name=\"_wpcf7_container_post\" value=\"0\" \/><input type=\"hidden\" name=\"_wpcf7_posted_data_hash\" value=\"\" \/><input type=\"hidden\" name=\"_wpcf7_recaptcha_response\" value=\"\" \/>\n<\/fieldset>\n<p><label> Nom :<br \/>\n<span class=\"wpcf7-form-control-wrap\" data-name=\"contact_name\"><input size=\"40\" maxlength=\"400\" class=\"wpcf7-form-control wpcf7-text wpcf7-validates-as-required\" aria-required=\"true\" aria-invalid=\"false\" value=\"\" type=\"text\" name=\"contact_name\" \/><\/span> <\/label>\n<\/p>\n<p><label> E-mail :<br \/>\n<span class=\"wpcf7-form-control-wrap\" data-name=\"email\"><input size=\"40\" maxlength=\"400\" class=\"wpcf7-form-control wpcf7-email wpcf7-validates-as-required wpcf7-text wpcf7-validates-as-email\" aria-required=\"true\" aria-invalid=\"false\" value=\"\" type=\"email\" name=\"email\" \/><\/span> <\/label>\n<\/p>\n<p><label> T\u00e9l\u00e9phone :<br \/>\n<span class=\"wpcf7-form-control-wrap\" data-name=\"phone\"><input size=\"40\" maxlength=\"400\" class=\"wpcf7-form-control wpcf7-tel wpcf7-validates-as-required wpcf7-text wpcf7-validates-as-tel\" aria-required=\"true\" aria-invalid=\"false\" value=\"\" type=\"tel\" name=\"phone\" \/><\/span> <\/label>\n<\/p>\n<p><label> Ville :<br \/>\n<span class=\"wpcf7-form-control-wrap\" data-name=\"city\"><input size=\"40\" maxlength=\"400\" class=\"wpcf7-form-control wpcf7-text wpcf7-validates-as-required\" aria-required=\"true\" aria-invalid=\"false\" value=\"\" type=\"text\" name=\"city\" \/><\/span> <\/label>\n<\/p>\n<p><label> Sujet du message<br \/>\n<span class=\"wpcf7-form-control-wrap\" data-name=\"topic\"><select class=\"wpcf7-form-control wpcf7-select wpcf7-validates-as-required\" aria-required=\"true\" aria-invalid=\"false\" name=\"topic\"><option value=\"Demande d&#039;intervention pour un objet perdu\">Demande d&#039;intervention pour un objet perdu<\/option><option value=\"Proposition de terrain\">Proposition de terrain<\/option><option value=\"Recherche d&#039;une borne, canalisation ou c\u00e2blage\">Recherche d&#039;une borne, canalisation ou c\u00e2blage<\/option><option value=\"Recherche de tr\u00e9sor dans une maison\">Recherche de tr\u00e9sor dans une maison<\/option><option value=\"Demande de partenariat\">Demande de partenariat<\/option><option value=\"Rejoindre notre association\">Rejoindre notre association<\/option><option value=\"Laisser un commentaire\">Laisser un commentaire<\/option><\/select><\/span> <\/label>\n<\/p>\n<p><label> Votre message<br \/>\n<span class=\"wpcf7-form-control-wrap\" data-name=\"message\"><textarea cols=\"40\" rows=\"10\" maxlength=\"2000\" class=\"wpcf7-form-control wpcf7-textarea wpcf7-validates-as-required\" aria-required=\"true\" aria-invalid=\"false\" name=\"message\"><\/textarea><\/span> <\/label>\n<\/p>\n<p><input class=\"wpcf7-form-control wpcf7-submit has-spinner\" type=\"submit\" value=\"Envoyer\" \/>\n<\/p><p style=\"display: none !important;\" class=\"akismet-fields-container\" data-prefix=\"_wpcf7_ak_\"><label>&#916;<textarea name=\"_wpcf7_ak_hp_textarea\" cols=\"45\" rows=\"8\" maxlength=\"100\"><\/textarea><\/label><input type=\"hidden\" id=\"ak_js_1\" name=\"_wpcf7_ak_js\" value=\"73\"\/><script>document.getElementById( \"ak_js_1\" ).setAttribute( \"value\", ( new Date() ).getTime() );<\/script><\/p><div class=\"wpcf7-response-output\" aria-hidden=\"true\"><\/div>\n<\/form>\n<\/div>\n<\/div>\n\n\n\n<p><\/p>\n<\/div>\n<\/div>\n\n\n\n<div class=\"wp-block-cover alignfull is-light\"><span aria-hidden=\"true\" class=\"wp-block-cover__background has-background-dim-100 has-background-dim\" style=\"background-color:#3b5998\"><\/span><div class=\"wp-block-cover__inner-container is-layout-flow wp-block-cover-is-layout-flow\">\n<h2 class=\"wp-block-heading has-text-align-center has-nv-site-bg-color has-text-color\">Suivez-nous sur Facebook<\/h2>\n\n\n<div class=\"wp-block-image is-style-default\">\n<figure class=\"aligncenter size-large is-resized\"><a href=\"http:\/\/facebook.com\/associationadlg\/\"><img loading=\"lazy\" decoding=\"async\" width=\"512\" height=\"512\" src=\"https:\/\/amicaledetection.fr\/wp-content\/uploads\/2021\/03\/facebook.png\" alt=\"\" class=\"wp-image-106\" style=\"width:128px;height:128px\" srcset=\"https:\/\/amicaledetection.fr\/wp-content\/uploads\/2021\/03\/facebook.png 512w, https:\/\/amicaledetection.fr\/wp-content\/uploads\/2021\/03\/facebook-300x300.png 300w, https:\/\/amicaledetection.fr\/wp-content\/uploads\/2021\/03\/facebook-150x150.png 150w\" sizes=\"auto, (max-width: 512px) 100vw, 512px\" \/><\/a><\/figure>\n<\/div>\n\n\n<iframe loading=\"lazy\" src=\"https:\/\/www.facebook.com\/plugins\/like.php?href=https%3A%2F%2Fwww.facebook.com%2Fassociationadlg%2F&amp;width=450&amp;layout=standard&amp;action=like&amp;size=small&amp;height=35&amp;appId\" width=\"450\" height=\"35\" style=\"border:none;overflow:hidden\" scrolling=\"no\" frameborder=\"0\" allowtransparency=\"true\" allow=\"encrypted-media\"> <\/iframe>\n<\/div><\/div>\n","protected":false},"excerpt":{"rendered":"<p>Vous avez une demande ? Les infos utiles Objets perdus Vous avez perdu un objet sur la plage ? Aidez nous \u00e0 le retrouver au plus vite en nous donnant un maximum d&rsquo;informations sur le lieu de la perte. Le mieux prenez le point GPS de la zone avec WhatsApp ou autre.O\u00f9 l&rsquo;avez vous perdu&hellip;&nbsp;<a href=\"https:\/\/amicaledetection.fr\/?page_id=16\" class=\"\" rel=\"bookmark\">Lire la suite &raquo;<span class=\"screen-reader-text\">Contact<\/span><\/a><\/p>\n","protected":false},"author":1,"featured_media":0,"parent":0,"menu_order":0,"comment_status":"closed","ping_status":"closed","template":"","meta":{"neve_meta_sidebar":"","neve_meta_container":"","neve_meta_enable_content_width":"on","neve_meta_content_width":100,"neve_meta_title_alignment":"","neve_meta_author_avatar":"","neve_post_elements_order":"","neve_meta_disable_header":"","neve_meta_disable_footer":"","neve_meta_disable_title":"on","footnotes":""},"class_list":["post-16","page","type-page","status-publish","hentry"],"_links":{"self":[{"href":"https:\/\/amicaledetection.fr\/index.php?rest_route=\/wp\/v2\/pages\/16","targetHints":{"allow":["GET"]}}],"collection":[{"href":"https:\/\/amicaledetection.fr\/index.php?rest_route=\/wp\/v2\/pages"}],"about":[{"href":"https:\/\/amicaledetection.fr\/index.php?rest_route=\/wp\/v2\/types\/page"}],"author":[{"embeddable":true,"href":"https:\/\/amicaledetection.fr\/index.php?rest_route=\/wp\/v2\/users\/1"}],"replies":[{"embeddable":true,"href":"https:\/\/amicaledetection.fr\/index.php?rest_route=%2Fwp%2Fv2%2Fcomments&post=16"}],"version-history":[{"count":47,"href":"https:\/\/amicaledetection.fr\/index.php?rest_route=\/wp\/v2\/pages\/16\/revisions"}],"predecessor-version":[{"id":3328,"href":"https:\/\/amicaledetection.fr\/index.php?rest_route=\/wp\/v2\/pages\/16\/revisions\/3328"}],"wp:attachment":[{"href":"https:\/\/amicaledetection.fr\/index.php?rest_route=%2Fwp%2Fv2%2Fmedia&parent=16"}],"curies":[{"name":"wp","href":"https:\/\/api.w.org\/{rel}","templated":true}]}}