{"id":17,"date":"2021-03-19T11:19:58","date_gmt":"2021-03-19T10:19:58","guid":{"rendered":"http:\/\/iwkmgof.cluster026.hosting.ovh.net\/?page_id=17"},"modified":"2021-03-23T19:51:39","modified_gmt":"2021-03-23T18:51:39","slug":"portofolio","status":"publish","type":"page","link":"https:\/\/amicaledetection.fr\/?page_id=17","title":{"rendered":"Galerie"},"content":{"rendered":"\n<div class=\"wp-block-cover alignfull has-nv-site-bg-background-color has-background-dim\" style=\"min-height:400px;aspect-ratio:unset;\"><img loading=\"lazy\" decoding=\"async\" width=\"1701\" height=\"1111\" class=\"wp-block-cover__image-background wp-image-42\" alt=\"\" src=\"https:\/\/amicaledetection.fr\/wp-content\/uploads\/2021\/03\/Hossegor-Seignosse-blog.jpeg\" style=\"object-position:50% 19%\" data-object-fit=\"cover\" data-object-position=\"50% 19%\" srcset=\"https:\/\/amicaledetection.fr\/wp-content\/uploads\/2021\/03\/Hossegor-Seignosse-blog.jpeg 1701w, https:\/\/amicaledetection.fr\/wp-content\/uploads\/2021\/03\/Hossegor-Seignosse-blog-300x196.jpeg 300w, https:\/\/amicaledetection.fr\/wp-content\/uploads\/2021\/03\/Hossegor-Seignosse-blog-1024x669.jpeg 1024w, https:\/\/amicaledetection.fr\/wp-content\/uploads\/2021\/03\/Hossegor-Seignosse-blog-768x502.jpeg 768w, https:\/\/amicaledetection.fr\/wp-content\/uploads\/2021\/03\/Hossegor-Seignosse-blog-1536x1003.jpeg 1536w\" sizes=\"auto, (max-width: 1701px) 100vw, 1701px\" \/><div class=\"wp-block-cover__inner-container is-layout-flow wp-block-cover-is-layout-flow\">\n<h1 class=\"has-text-align-center has-neve-link-color-color has-text-color wp-block-heading\">Galerie photos<\/h1>\n<\/div><\/div>\n\n\n\n<div class=\"wp-block-cover alignfull has-nv-light-bg-background-color has-background-dim\" style=\"min-height:600px;aspect-ratio:unset;\"><div class=\"wp-block-cover__inner-container is-layout-flow wp-block-cover-is-layout-flow\">\n<div class=\"wp-block-group\"><div class=\"wp-block-group__inner-container is-layout-flow wp-block-group-is-layout-flow\">\n<div style=\"height:80px\" aria-hidden=\"true\" class=\"wp-block-spacer\"><\/div>\n\n\n\n<div class=\"wp-block-columns is-layout-flex wp-container-core-columns-is-layout-9d6595d7 wp-block-columns-is-layout-flex\">\n<div class=\"wp-block-column is-vertically-aligned-center is-layout-flow wp-block-column-is-layout-flow\" style=\"flex-basis:50%\">\n<div class=\"wp-block-image\"><figure class=\"aligncenter size-large is-resized\"><img loading=\"lazy\" decoding=\"async\" src=\"https:\/\/amicaledetection.fr\/wp-content\/uploads\/2021\/03\/Service-OOP.jpg\" alt=\"\" class=\"wp-image-2542\" width=\"400\" height=\"400\" srcset=\"https:\/\/amicaledetection.fr\/wp-content\/uploads\/2021\/03\/Service-OOP.jpg 1000w, https:\/\/amicaledetection.fr\/wp-content\/uploads\/2021\/03\/Service-OOP-300x300.jpg 300w, https:\/\/amicaledetection.fr\/wp-content\/uploads\/2021\/03\/Service-OOP-150x150.jpg 150w, https:\/\/amicaledetection.fr\/wp-content\/uploads\/2021\/03\/Service-OOP-768x768.jpg 768w\" sizes=\"auto, (max-width: 400px) 100vw, 400px\" \/><\/figure><\/div>\n\n\n\n<h3 class=\"has-text-align-center has-neve-text-color-color has-text-color wp-block-heading\">Objets Perdus<\/h3>\n\n\n\n<p class=\"has-text-align-center has-neve-text-color-color has-text-color\">D\u00e9couvrez toutes nos restitutions, ann\u00e9es apr\u00e8s ann\u00e9es de 2012 \u00e0 aujourd&rsquo;hui<\/p>\n\n\n\n<div class=\"wp-block-buttons is-content-justification-center is-layout-flex wp-block-buttons-is-layout-flex\">\n<div class=\"wp-block-button is-style-primary\"><a class=\"wp-block-button__link\" href=\"https:\/\/amicaledetection.fr\/?page_id=2036\">Consulter la galerie<\/a><\/div>\n<\/div>\n\n\n\n<p><\/p>\n<\/div>\n\n\n\n<div class=\"wp-block-column is-layout-flow wp-block-column-is-layout-flow\"><\/div>\n\n\n\n<div class=\"wp-block-column is-vertically-aligned-center is-layout-flow wp-block-column-is-layout-flow\" style=\"flex-basis:50%\">\n<div class=\"wp-block-image\"><figure class=\"aligncenter size-large is-resized\"><img decoding=\"async\" src=\"https:\/\/amicaledetection.fr\/wp-content\/uploads\/2021\/03\/g1-un-depart-800px.jpg\" alt=\"\" class=\"wp-image-1981\" width=\"400\" srcset=\"https:\/\/amicaledetection.fr\/wp-content\/uploads\/2021\/03\/g1-un-depart-800px.jpg 800w, https:\/\/amicaledetection.fr\/wp-content\/uploads\/2021\/03\/g1-un-depart-800px-300x300.jpg 300w, https:\/\/amicaledetection.fr\/wp-content\/uploads\/2021\/03\/g1-un-depart-800px-150x150.jpg 150w, https:\/\/amicaledetection.fr\/wp-content\/uploads\/2021\/03\/g1-un-depart-800px-768x768.jpg 768w\" sizes=\"(max-width: 800px) 100vw, 800px\" \/><\/figure><\/div>\n\n\n\n<h3 class=\"has-text-align-center has-neve-text-color-color has-text-color wp-block-heading\">La chasse aux oeufs<\/h3>\n\n\n\n<p class=\"has-text-align-center has-neve-text-color-color has-text-color\">Revivez les chasses aux oeufs organis\u00e9es au cours des diff\u00e9rentes \u00e9ditions du printemps des Landes \u00e0 Vieux-Boucau<\/p>\n\n\n\n<div class=\"wp-block-buttons is-content-justification-center is-layout-flex wp-block-buttons-is-layout-flex\">\n<div class=\"wp-block-button is-style-primary\"><a class=\"wp-block-button__link\" href=\"https:\/\/amicaledetection.fr\/?page_id=2414\">Consulter la galerie<\/a><\/div>\n<\/div>\n\n\n\n<div style=\"height:40px\" aria-hidden=\"true\" class=\"wp-block-spacer\"><\/div>\n<\/div>\n<\/div>\n\n\n\n<div style=\"height:40px\" aria-hidden=\"true\" class=\"wp-block-spacer\"><\/div>\n<\/div><\/div>\n<\/div><\/div>\n\n\n\n<div class=\"wp-block-cover alignfull has-nv-site-bg-background-color has-background-dim\" style=\"min-height:600px;aspect-ratio:unset;\"><div class=\"wp-block-cover__inner-container is-layout-flow wp-block-cover-is-layout-flow\">\n<div class=\"wp-block-group\"><div class=\"wp-block-group__inner-container is-layout-flow wp-block-group-is-layout-flow\">\n<div style=\"height:80px\" aria-hidden=\"true\" class=\"wp-block-spacer\"><\/div>\n\n\n\n<div class=\"wp-block-columns are-vertically-aligned-center is-layout-flex wp-container-core-columns-is-layout-9d6595d7 wp-block-columns-is-layout-flex\">\n<div class=\"wp-block-column is-vertically-aligned-center is-layout-flow wp-block-column-is-layout-flow\" style=\"flex-basis:50%\">\n<div class=\"wp-block-image\"><figure class=\"aligncenter size-large\"><img loading=\"lazy\" decoding=\"async\" width=\"400\" height=\"400\" src=\"https:\/\/amicaledetection.fr\/wp-content\/uploads\/2021\/03\/Photo_St-Croix-01-400px.jpg\" alt=\"\" class=\"wp-image-1986\" srcset=\"https:\/\/amicaledetection.fr\/wp-content\/uploads\/2021\/03\/Photo_St-Croix-01-400px.jpg 400w, https:\/\/amicaledetection.fr\/wp-content\/uploads\/2021\/03\/Photo_St-Croix-01-400px-300x300.jpg 300w, https:\/\/amicaledetection.fr\/wp-content\/uploads\/2021\/03\/Photo_St-Croix-01-400px-150x150.jpg 150w\" sizes=\"auto, (max-width: 400px) 100vw, 400px\" \/><\/figure><\/div>\n\n\n\n<h3 class=\"has-text-align-center has-neve-text-color-color has-text-color wp-block-heading\">Le sceau de Sainte Croix<\/h3>\n\n\n\n<p class=\"has-text-align-center has-neve-text-color-color has-text-color\">D\u00e9couvrez les photos de la d\u00e9couverte d&rsquo;un sceau de clerc moyen\u00e2geux (XIV &#8211; XV <sup>\u00e8me<\/sup> si\u00e8cle)<\/p>\n\n\n\n<div class=\"wp-block-buttons is-content-justification-center is-layout-flex wp-block-buttons-is-layout-flex\">\n<div class=\"wp-block-button is-style-primary\"><a class=\"wp-block-button__link\" href=\"https:\/\/amicaledetection.fr\/?page_id=2493\">CONSULTER LA GALERIE<\/a><\/div>\n<\/div>\n\n\n\n<div style=\"height:40px\" aria-hidden=\"true\" class=\"wp-block-spacer\"><\/div>\n<\/div>\n\n\n\n<div class=\"wp-block-column is-vertically-aligned-center is-layout-flow wp-block-column-is-layout-flow\" style=\"flex-basis:50%\">\n<div class=\"wp-block-image\"><figure class=\"aligncenter size-large\"><img loading=\"lazy\" decoding=\"async\" width=\"400\" height=\"400\" src=\"https:\/\/amicaledetection.fr\/wp-content\/uploads\/2021\/03\/Photo_Cachen-22-400px.jpg\" alt=\"\" class=\"wp-image-1988\" srcset=\"https:\/\/amicaledetection.fr\/wp-content\/uploads\/2021\/03\/Photo_Cachen-22-400px.jpg 400w, https:\/\/amicaledetection.fr\/wp-content\/uploads\/2021\/03\/Photo_Cachen-22-400px-300x300.jpg 300w, https:\/\/amicaledetection.fr\/wp-content\/uploads\/2021\/03\/Photo_Cachen-22-400px-150x150.jpg 150w\" sizes=\"auto, (max-width: 400px) 100vw, 400px\" \/><\/figure><\/div>\n\n\n\n<h3 class=\"has-text-align-center has-neve-text-color-color has-text-color wp-block-heading\">Le tr\u00e9sor de Cachen<\/h3>\n\n\n\n<p class=\"has-text-align-center has-neve-text-color-color has-text-color\">D\u00e9couvrez le tr\u00e9sor de Cachen mis \u00e0 jour par les membres de l&rsquo;ADLG au cours d&rsquo;une sortie dominicale dans les champs<\/p>\n\n\n\n<div class=\"wp-block-buttons is-content-justification-center is-layout-flex wp-block-buttons-is-layout-flex\">\n<div class=\"wp-block-button is-style-primary\"><a class=\"wp-block-button__link\" href=\"https:\/\/amicaledetection.fr\/?page_id=2509\">Consulter la galerie<\/a><\/div>\n<\/div>\n\n\n\n<div style=\"height:40px\" aria-hidden=\"true\" class=\"wp-block-spacer\"><\/div>\n<\/div>\n<\/div>\n\n\n\n<div style=\"height:40px\" aria-hidden=\"true\" class=\"wp-block-spacer\"><\/div>\n<\/div><\/div>\n<\/div><\/div>\n\n\n\n<div class=\"wp-block-cover alignfull has-nv-dark-bg-background-color has-background-dim\" style=\"min-height:300px;aspect-ratio:unset;\"><div class=\"wp-block-cover__inner-container is-layout-flow wp-block-cover-is-layout-flow\">\n<div style=\"height:80px\" aria-hidden=\"true\" class=\"wp-block-spacer\"><\/div>\n\n\n\n<h2 class=\"has-text-align-center has-nv-site-bg-color has-text-color wp-block-heading\">Vous souhaitez participer \u00e0 nos \u00e9v\u00e8nements?<\/h2>\n\n\n\n<div class=\"wp-block-columns is-layout-flex wp-container-core-columns-is-layout-9d6595d7 wp-block-columns-is-layout-flex\">\n<div class=\"wp-block-column is-layout-flow wp-block-column-is-layout-flow\">\n<div class=\"wp-block-buttons is-content-justification-center is-layout-flex wp-block-buttons-is-layout-flex\">\n<div class=\"wp-block-button is-style-primary\"><a class=\"wp-block-button__link\" href=\"https:\/\/amicaledetection.fr\/?page_id=16\">Contactez-nous<\/a><\/div>\n<\/div>\n<\/div>\n<\/div>\n\n\n\n<div style=\"height:80px\" aria-hidden=\"true\" class=\"wp-block-spacer\"><\/div>\n<\/div><\/div>\n\n\n\n<p><\/p>\n","protected":false},"excerpt":{"rendered":"","protected":false},"author":1,"featured_media":0,"parent":0,"menu_order":0,"comment_status":"closed","ping_status":"closed","template":"","meta":{"neve_meta_sidebar":"","neve_meta_container":"","neve_meta_enable_content_width":"on","neve_meta_content_width":100,"neve_meta_title_alignment":"","neve_meta_author_avatar":"","neve_post_elements_order":"","neve_meta_disable_header":"","neve_meta_disable_footer":"","neve_meta_disable_title":"on","footnotes":""},"class_list":["post-17","page","type-page","status-publish","hentry"],"_links":{"self":[{"href":"https:\/\/amicaledetection.fr\/index.php?rest_route=\/wp\/v2\/pages\/17","targetHints":{"allow":["GET"]}}],"collection":[{"href":"https:\/\/amicaledetection.fr\/index.php?rest_route=\/wp\/v2\/pages"}],"about":[{"href":"https:\/\/amicaledetection.fr\/index.php?rest_route=\/wp\/v2\/types\/page"}],"author":[{"embeddable":true,"href":"https:\/\/amicaledetection.fr\/index.php?rest_route=\/wp\/v2\/users\/1"}],"replies":[{"embeddable":true,"href":"https:\/\/amicaledetection.fr\/index.php?rest_route=%2Fwp%2Fv2%2Fcomments&post=17"}],"version-history":[{"count":25,"href":"https:\/\/amicaledetection.fr\/index.php?rest_route=\/wp\/v2\/pages\/17\/revisions"}],"predecessor-version":[{"id":2842,"href":"https:\/\/amicaledetection.fr\/index.php?rest_route=\/wp\/v2\/pages\/17\/revisions\/2842"}],"wp:attachment":[{"href":"https:\/\/amicaledetection.fr\/index.php?rest_route=%2Fwp%2Fv2%2Fmedia&parent=17"}],"curies":[{"name":"wp","href":"https:\/\/api.w.org\/{rel}","templated":true}]}}