{"id":18,"date":"2021-03-19T11:19:58","date_gmt":"2021-03-19T10:19:58","guid":{"rendered":"http:\/\/iwkmgof.cluster026.hosting.ovh.net\/?page_id=18"},"modified":"2025-08-16T16:25:59","modified_gmt":"2025-08-16T14:25:59","slug":"nos-services","status":"publish","type":"page","link":"https:\/\/amicaledetection.fr\/?page_id=18","title":{"rendered":"Nos services"},"content":{"rendered":"\n<div class=\"wp-block-cover alignfull is-light\" style=\"min-height:400px;aspect-ratio:unset;\"><img loading=\"lazy\" decoding=\"async\" width=\"1701\" height=\"1111\" class=\"wp-block-cover__image-background wp-image-42\" alt=\"\" src=\"https:\/\/amicaledetection.fr\/wp-content\/uploads\/2021\/03\/Hossegor-Seignosse-blog.jpeg\" style=\"object-position:50% 19%\" data-object-fit=\"cover\" data-object-position=\"50% 19%\" srcset=\"https:\/\/amicaledetection.fr\/wp-content\/uploads\/2021\/03\/Hossegor-Seignosse-blog.jpeg 1701w, https:\/\/amicaledetection.fr\/wp-content\/uploads\/2021\/03\/Hossegor-Seignosse-blog-300x196.jpeg 300w, https:\/\/amicaledetection.fr\/wp-content\/uploads\/2021\/03\/Hossegor-Seignosse-blog-1024x669.jpeg 1024w, https:\/\/amicaledetection.fr\/wp-content\/uploads\/2021\/03\/Hossegor-Seignosse-blog-768x502.jpeg 768w, https:\/\/amicaledetection.fr\/wp-content\/uploads\/2021\/03\/Hossegor-Seignosse-blog-1536x1003.jpeg 1536w\" sizes=\"auto, (max-width: 1701px) 100vw, 1701px\" \/><span aria-hidden=\"true\" class=\"wp-block-cover__background has-nv-site-bg-background-color has-background-dim\"><\/span><div class=\"wp-block-cover__inner-container is-layout-flow wp-block-cover-is-layout-flow\">\n<div class=\"wp-block-group\"><div class=\"wp-block-group__inner-container is-layout-flow wp-block-group-is-layout-flow\">\n<div class=\"wp-block-columns are-vertically-aligned-center is-layout-flex wp-container-core-columns-is-layout-9d6595d7 wp-block-columns-is-layout-flex\">\n<div class=\"wp-block-column is-layout-flow wp-block-column-is-layout-flow\">\n<h1 class=\"wp-block-heading has-text-align-center has-neve-link-color-color has-text-color\">Nos services<\/h1>\n<\/div>\n<\/div>\n<\/div><\/div>\n<\/div><\/div>\n\n\n\n<div class=\"wp-block-cover alignfull\" style=\"min-height:600px;aspect-ratio:unset;\"><span aria-hidden=\"true\" class=\"wp-block-cover__background has-nv-light-bg-background-color has-background-dim-100 has-background-dim\"><\/span><div class=\"wp-block-cover__inner-container is-layout-flow wp-block-cover-is-layout-flow\">\n<div class=\"wp-block-group\"><div class=\"wp-block-group__inner-container is-layout-flow wp-block-group-is-layout-flow\">\n<div style=\"height:80px\" aria-hidden=\"true\" class=\"wp-block-spacer\"><\/div>\n\n\n\n<h2 class=\"wp-block-heading has-neve-link-color-color has-text-color\">L&rsquo;Op\u00e9ration OBJETS PERDUS<\/h2>\n\n\n\n<div class=\"wp-block-columns alignwide is-layout-flex wp-container-core-columns-is-layout-9d6595d7 wp-block-columns-is-layout-flex\">\n<div class=\"wp-block-column is-layout-flow wp-block-column-is-layout-flow\" style=\"flex-basis:34%\">\n<p class=\"has-neve-link-color-color has-text-color\"><strong>Le principe : rechercher vos objets perdus et vous les restituer gratuitement !<\/strong><\/p>\n\n\n\n<p class=\"has-neve-link-color-color has-text-color\">D\u00e8s la cr\u00e9ation de l&rsquo;association, <strong>l&rsquo;op\u00e9ration \u00ab\u00a0Objets Perdus\u00a0\u00bb<\/strong> a \u00e9t\u00e9 mise en place sur la c\u00f4te avec la collaboration en 2003 des postes de secours des communes de Vieux Boucau les Bains et Messanges. <\/p>\n\n\n\n<p class=\"has-neve-link-color-color has-text-color\"><\/p>\n\n\n\n<p class=\"has-text-align-left has-neve-link-color-color has-text-color\">Depuis, c&rsquo;est en coordination avec les mairies, postes de police, gendarmerie, offices de tourisme et MNS que nous r\u00e9pondons \u00e0 vos appels sur toute la c\u00f4te landaise. Grace \u00e0 nos d\u00e9tecteurs qui sont aussi \u00e9tanches \u00e0 3 m\u00e8tres ou plus, nous proposons le service sur les zones de baignade des lacs landais. <strong>Le nombre d&rsquo;adh\u00e9rents disponibles et leur r\u00e9partition g\u00e9ographique sur le d\u00e9partement des Landes nous permet mettre en place l&rsquo;op\u00e9ration \u00ab\u00a0Objets Perdus\u00a0\u00bb sur toutes les plages du littoral ainsi que sur les plages des nombreux lacs landais<\/strong>. Nous pouvons aussi exceptionnellement intervenir sur les d\u00e9partements limitrophes.<\/p>\n\n\n\n<p class=\"has-nv-c-2-background-color has-background has-medium-font-size\">ATTENTION : si vous postez sur une page Facebook ou sur un forum de d\u00e9tection ou autres, des indications pr\u00e9cises sur le lieu de perte, sachez que vous ouvrez la porte aux \u00ab\u00a0voleurs \u00a0\u00bb ! Pr\u00e9f\u00e9rez une rencontre sur place et accompagnez le chercheur lors de l&rsquo;intervention. De pr\u00e9f\u00e9rence faites appel \u00e0 des associations reconnues ou personnes ayant des r\u00e9f\u00e9rences s\u00e9rieuses.<\/p>\n\n\n\n<div class=\"wp-block-buttons is-layout-flex wp-block-buttons-is-layout-flex\">\n<div class=\"wp-block-button is-style-primary\"><a class=\"wp-block-button__link wp-element-button\" href=\"https:\/\/amicaledetection.fr\/?page_id=16\">COntactez-nous<\/a><\/div>\n<\/div>\n\n\n\n<hr class=\"wp-block-separator has-css-opacity is-style-wide\"\/>\n<\/div>\n\n\n\n<div class=\"wp-block-column is-layout-flow wp-block-column-is-layout-flow\" style=\"flex-basis:66.79%\">\n<figure class=\"wp-block-embed aligncenter is-type-video is-provider-youtube wp-block-embed-youtube wp-embed-aspect-16-9 wp-has-aspect-ratio\"><div class=\"wp-block-embed__wrapper\">\n<div class=\"nv-iframe-embed\"><iframe loading=\"lazy\" title=\"Ils recherchent vos objets perdus sur les plages des Landes\" width=\"1200\" height=\"675\" src=\"https:\/\/www.youtube.com\/embed\/tJuk6drzcp0?feature=oembed\" frameborder=\"0\" allow=\"accelerometer; autoplay; clipboard-write; encrypted-media; gyroscope; picture-in-picture; web-share\" referrerpolicy=\"strict-origin-when-cross-origin\" allowfullscreen><\/iframe><\/div>\n<\/div><\/figure>\n\n\n\n<div style=\"height:40px\" aria-hidden=\"true\" class=\"wp-block-spacer\"><\/div>\n<\/div>\n<\/div>\n\n\n\n<div style=\"height:40px\" aria-hidden=\"true\" class=\"wp-block-spacer\"><\/div>\n<\/div><\/div>\n<\/div><\/div>\n\n\n\n<div class=\"wp-block-cover alignfull\" style=\"min-height:600px;aspect-ratio:unset;\"><span aria-hidden=\"true\" class=\"wp-block-cover__background has-nv-site-bg-background-color has-background-dim-100 has-background-dim\"><\/span><div class=\"wp-block-cover__inner-container is-layout-flow wp-block-cover-is-layout-flow\">\n<div class=\"wp-block-group\"><div class=\"wp-block-group__inner-container is-layout-flow wp-block-group-is-layout-flow\">\n<div style=\"height:80px\" aria-hidden=\"true\" class=\"wp-block-spacer\"><\/div>\n\n\n\n<h2 class=\"wp-block-heading has-neve-link-hover-color-color has-text-color\">Notre expertise<\/h2>\n\n\n\n<div class=\"wp-block-columns is-layout-flex wp-container-core-columns-is-layout-9d6595d7 wp-block-columns-is-layout-flex\">\n<div class=\"wp-block-column is-layout-flow wp-block-column-is-layout-flow\">\n<div class=\"wp-block-columns is-layout-flex wp-container-core-columns-is-layout-9d6595d7 wp-block-columns-is-layout-flex\">\n<div class=\"wp-block-column is-layout-flow wp-block-column-is-layout-flow\">\n<h3 class=\"wp-block-heading has-neve-link-color-color has-text-color\">Recherche sur les plages<\/h3>\n\n\n\n<div class=\"wp-block-columns is-layout-flex wp-container-core-columns-is-layout-9d6595d7 wp-block-columns-is-layout-flex\">\n<div class=\"wp-block-column is-layout-flow wp-block-column-is-layout-flow\">\n<p class=\"has-neve-link-color-color has-text-color has-small-font-size\">Depuis la cr\u00e9ation de l&rsquo;association en 2002, nous mettons en place l&rsquo;op\u00e9ration \u00ab\u00a0Objets Perdus\u00a0\u00bb sur les plages du littoral landais et sur les zones de baignade du d\u00e9partement. En partenariat avec les mairies, les postes MNS, la police et les Offices de tourisme nous intervenons pour aider les vacanciers qui perdent un bijou, des clefs, ou tout objet m\u00e9tallique sur le sable ou dans l&rsquo;eau. La prise de point GPS du lieu de perte est un atout essentiel pour la r\u00e9ussite de la recherche.<\/p>\n<\/div>\n\n\n\n<div class=\"wp-block-column is-layout-flow wp-block-column-is-layout-flow\">\n<figure class=\"wp-block-image size-large\"><img loading=\"lazy\" decoding=\"async\" width=\"500\" height=\"500\" src=\"https:\/\/amicaledetection.fr\/wp-content\/uploads\/2021\/03\/Appel-2020_084-500px.jpg\" alt=\"\" class=\"wp-image-1947\" srcset=\"https:\/\/amicaledetection.fr\/wp-content\/uploads\/2021\/03\/Appel-2020_084-500px.jpg 500w, https:\/\/amicaledetection.fr\/wp-content\/uploads\/2021\/03\/Appel-2020_084-500px-300x300.jpg 300w, https:\/\/amicaledetection.fr\/wp-content\/uploads\/2021\/03\/Appel-2020_084-500px-150x150.jpg 150w\" sizes=\"auto, (max-width: 500px) 100vw, 500px\" \/><\/figure>\n<\/div>\n<\/div>\n<\/div>\n\n\n\n<div class=\"wp-block-column is-layout-flow wp-block-column-is-layout-flow\">\n<h3 class=\"wp-block-heading has-neve-link-color-color has-text-color\">Collaboration avec les arch\u00e9ologues<\/h3>\n\n\n\n<div class=\"wp-block-columns is-layout-flex wp-container-core-columns-is-layout-9d6595d7 wp-block-columns-is-layout-flex\">\n<div class=\"wp-block-column is-layout-flow wp-block-column-is-layout-flow\">\n<figure class=\"wp-block-image size-full\"><img loading=\"lazy\" decoding=\"async\" width=\"1000\" height=\"1000\" src=\"https:\/\/amicaledetection.fr\/wp-content\/uploads\/2024\/06\/Lequipe-sur-le-camp-romain-1.jpg\" alt=\"\" class=\"wp-image-3316\" srcset=\"https:\/\/amicaledetection.fr\/wp-content\/uploads\/2024\/06\/Lequipe-sur-le-camp-romain-1.jpg 1000w, https:\/\/amicaledetection.fr\/wp-content\/uploads\/2024\/06\/Lequipe-sur-le-camp-romain-1-300x300.jpg 300w, https:\/\/amicaledetection.fr\/wp-content\/uploads\/2024\/06\/Lequipe-sur-le-camp-romain-1-150x150.jpg 150w, https:\/\/amicaledetection.fr\/wp-content\/uploads\/2024\/06\/Lequipe-sur-le-camp-romain-1-768x768.jpg 768w\" sizes=\"auto, (max-width: 1000px) 100vw, 1000px\" \/><\/figure>\n<\/div>\n\n\n\n<div class=\"wp-block-column is-layout-flow wp-block-column-is-layout-flow\">\n<p class=\"has-neve-link-color-color has-text-color has-small-font-size\">Comme sur les plages, nos d\u00e9tecteurs de m\u00e9taux sont capables de retrouver tout objet m\u00e9tallique et notamment sur les chantiers de fouilles arch\u00e9ologiques. Depuis plusieurs ann\u00e9es notre exp\u00e9rience en la mati\u00e8re est de plus en plus appr\u00e9ci\u00e9e. Les m\u00e9thodes arch\u00e9ologiques se sont de plus en plus perfectionn\u00e9es gr\u00e2ce aux nouvelles techniques : LIDAR, RADAR de sol, sp\u00e9cialistes ultrapointus dans chaque domaine. Il est donc aussi importants pour les arch\u00e9ologues de b\u00e9n\u00e9ficier de sp\u00e9cialistes en mati\u00e8re de d\u00e9tection de m\u00e9taux. <\/p>\n<\/div>\n<\/div>\n<\/div>\n<\/div>\n\n\n\n<div class=\"wp-block-columns is-layout-flex wp-container-core-columns-is-layout-9d6595d7 wp-block-columns-is-layout-flex\">\n<div class=\"wp-block-column is-layout-flow wp-block-column-is-layout-flow\">\n<h3 class=\"wp-block-heading has-neve-link-color-color has-text-color\">Recherches aquatique<\/h3>\n\n\n\n<div class=\"wp-block-columns has-neve-link-color-color has-text-color is-layout-flex wp-container-core-columns-is-layout-9d6595d7 wp-block-columns-is-layout-flex\">\n<div class=\"wp-block-column is-layout-flow wp-block-column-is-layout-flow\">\n<p class=\"has-neve-link-color-color has-text-color has-small-font-size\">Si un objet perdu dans les zones de bain de l&rsquo;oc\u00e9an peut \u00eatre ais\u00e9ment retrouv\u00e9 \u00e0 mar\u00e9e basse par un d\u00e9tecteur classique, c&rsquo;est bien gr\u00e2ce \u00e0 du mat\u00e9riel plus sp\u00e9cifique que nous intervenons dans les lacs et rivi\u00e8res. Une localisation pr\u00e9cise par pointage GPS de la zone de perte est souhaitable pour garantir la r\u00e9ussite des recherches.<\/p>\n<\/div>\n\n\n\n<div class=\"wp-block-column is-layout-flow wp-block-column-is-layout-flow\">\n<figure class=\"wp-block-image size-large is-resized is-style-default\"><img loading=\"lazy\" decoding=\"async\" width=\"1000\" height=\"1000\" src=\"https:\/\/amicaledetection.fr\/wp-content\/uploads\/2021\/03\/Recherche-en-lac.jpg\" alt=\"\" class=\"wp-image-2540\" style=\"width:266px;height:auto\" srcset=\"https:\/\/amicaledetection.fr\/wp-content\/uploads\/2021\/03\/Recherche-en-lac.jpg 1000w, https:\/\/amicaledetection.fr\/wp-content\/uploads\/2021\/03\/Recherche-en-lac-300x300.jpg 300w, https:\/\/amicaledetection.fr\/wp-content\/uploads\/2021\/03\/Recherche-en-lac-150x150.jpg 150w, https:\/\/amicaledetection.fr\/wp-content\/uploads\/2021\/03\/Recherche-en-lac-768x768.jpg 768w\" sizes=\"auto, (max-width: 1000px) 100vw, 1000px\" \/><\/figure>\n<\/div>\n<\/div>\n<\/div>\n\n\n\n<div class=\"wp-block-column is-layout-flow wp-block-column-is-layout-flow\">\n<h3 class=\"wp-block-heading has-neve-link-color-color has-text-color\">Biens familiaux<\/h3>\n\n\n\n<div class=\"wp-block-columns is-layout-flex wp-container-core-columns-is-layout-9d6595d7 wp-block-columns-is-layout-flex\">\n<div class=\"wp-block-column is-layout-flow wp-block-column-is-layout-flow\">\n<figure class=\"wp-block-image size-full\"><img loading=\"lazy\" decoding=\"async\" width=\"1000\" height=\"1134\" src=\"https:\/\/amicaledetection.fr\/wp-content\/uploads\/2025\/08\/Appel-2025_001.jpg\" alt=\"\" class=\"wp-image-3509\" srcset=\"https:\/\/amicaledetection.fr\/wp-content\/uploads\/2025\/08\/Appel-2025_001.jpg 1000w, https:\/\/amicaledetection.fr\/wp-content\/uploads\/2025\/08\/Appel-2025_001-265x300.jpg 265w, https:\/\/amicaledetection.fr\/wp-content\/uploads\/2025\/08\/Appel-2025_001-903x1024.jpg 903w, https:\/\/amicaledetection.fr\/wp-content\/uploads\/2025\/08\/Appel-2025_001-768x871.jpg 768w\" sizes=\"auto, (max-width: 1000px) 100vw, 1000px\" \/><\/figure>\n<\/div>\n\n\n\n<div class=\"wp-block-column is-layout-flow wp-block-column-is-layout-flow\">\n<p class=\"has-text-align-left has-neve-link-color-color has-text-color has-small-font-size\">Pour ces recherches particuli\u00e8res de tr\u00e9sors familiaux cach\u00e9s, nous utilisons, en plus des d\u00e9tecteurs classiques, du mat\u00e9riel sp\u00e9cifiques (endoscope, localisateur). Nos interventions se font sous protocole et avec discr\u00e9tion.<\/p>\n\n\n\n<figure class=\"wp-block-image size-large is-resized is-style-default\"><img loading=\"lazy\" decoding=\"async\" width=\"1196\" height=\"1200\" src=\"https:\/\/amicaledetection.fr\/wp-content\/uploads\/2021\/03\/Recherche-maison-edited.jpg\" alt=\"\" class=\"wp-image-2539\" style=\"aspect-ratio:1.085820895522388;width:290px;height:auto\" srcset=\"https:\/\/amicaledetection.fr\/wp-content\/uploads\/2021\/03\/Recherche-maison-edited.jpg 1196w, https:\/\/amicaledetection.fr\/wp-content\/uploads\/2021\/03\/Recherche-maison-edited-300x300.jpg 300w, https:\/\/amicaledetection.fr\/wp-content\/uploads\/2021\/03\/Recherche-maison-edited-1021x1024.jpg 1021w, https:\/\/amicaledetection.fr\/wp-content\/uploads\/2021\/03\/Recherche-maison-edited-150x150.jpg 150w, https:\/\/amicaledetection.fr\/wp-content\/uploads\/2021\/03\/Recherche-maison-edited-768x771.jpg 768w\" sizes=\"auto, (max-width: 1196px) 100vw, 1196px\" \/><\/figure>\n<\/div>\n<\/div>\n<\/div>\n<\/div>\n<\/div>\n<\/div>\n<\/div><\/div>\n<\/div><\/div>\n\n\n\n<div class=\"wp-block-cover alignfull\" style=\"min-height:300px;aspect-ratio:unset;\"><span aria-hidden=\"true\" class=\"wp-block-cover__background has-nv-dark-bg-background-color has-background-dim-100 has-background-dim\"><\/span><div class=\"wp-block-cover__inner-container is-layout-flow wp-block-cover-is-layout-flow\">\n<div style=\"height:140px\" aria-hidden=\"true\" class=\"wp-block-spacer\"><\/div>\n\n\n\n<h2 class=\"wp-block-heading has-text-align-center has-nv-text-dark-bg-color has-text-color\">Vous avez perdu un objet ?<\/h2>\n\n\n\n<div class=\"wp-block-buttons is-horizontal is-content-justification-center is-layout-flex wp-container-core-buttons-is-layout-499968f5 wp-block-buttons-is-layout-flex\">\n<div class=\"wp-block-button is-style-primary\"><a class=\"wp-block-button__link wp-element-button\" href=\"https:\/\/amicaledetection.fr\/?page_id=16\">Contactez-nous<\/a><\/div>\n<\/div>\n\n\n\n<div style=\"height:140px\" aria-hidden=\"true\" class=\"wp-block-spacer\"><\/div>\n<\/div><\/div>\n","protected":false},"excerpt":{"rendered":"","protected":false},"author":1,"featured_media":0,"parent":0,"menu_order":0,"comment_status":"closed","ping_status":"closed","template":"","meta":{"neve_meta_sidebar":"","neve_meta_container":"","neve_meta_enable_content_width":"on","neve_meta_content_width":100,"neve_meta_title_alignment":"","neve_meta_author_avatar":"","neve_post_elements_order":"","neve_meta_disable_header":"","neve_meta_disable_footer":"","neve_meta_disable_title":"on","footnotes":""},"class_list":["post-18","page","type-page","status-publish","hentry"],"_links":{"self":[{"href":"https:\/\/amicaledetection.fr\/index.php?rest_route=\/wp\/v2\/pages\/18","targetHints":{"allow":["GET"]}}],"collection":[{"href":"https:\/\/amicaledetection.fr\/index.php?rest_route=\/wp\/v2\/pages"}],"about":[{"href":"https:\/\/amicaledetection.fr\/index.php?rest_route=\/wp\/v2\/types\/page"}],"author":[{"embeddable":true,"href":"https:\/\/amicaledetection.fr\/index.php?rest_route=\/wp\/v2\/users\/1"}],"replies":[{"embeddable":true,"href":"https:\/\/amicaledetection.fr\/index.php?rest_route=%2Fwp%2Fv2%2Fcomments&post=18"}],"version-history":[{"count":66,"href":"https:\/\/amicaledetection.fr\/index.php?rest_route=\/wp\/v2\/pages\/18\/revisions"}],"predecessor-version":[{"id":3510,"href":"https:\/\/amicaledetection.fr\/index.php?rest_route=\/wp\/v2\/pages\/18\/revisions\/3510"}],"wp:attachment":[{"href":"https:\/\/amicaledetection.fr\/index.php?rest_route=%2Fwp%2Fv2%2Fmedia&parent=18"}],"curies":[{"name":"wp","href":"https:\/\/api.w.org\/{rel}","templated":true}]}}