{"id":2720,"date":"2021-05-13T11:44:01","date_gmt":"2021-05-13T09:44:01","guid":{"rendered":"https:\/\/amicaledetection.fr\/?page_id=2720"},"modified":"2025-11-16T16:48:24","modified_gmt":"2025-11-16T15:48:24","slug":"nos-sorties-champs","status":"publish","type":"page","link":"https:\/\/amicaledetection.fr\/?page_id=2720","title":{"rendered":"Collaborations"},"content":{"rendered":"\n<div class=\"wp-block-cover alignfull is-light\" style=\"min-height:400px;aspect-ratio:unset;\"><img loading=\"lazy\" decoding=\"async\" width=\"1701\" height=\"1111\" class=\"wp-block-cover__image-background wp-image-42\" alt=\"\" src=\"https:\/\/amicaledetection.fr\/wp-content\/uploads\/2021\/03\/Hossegor-Seignosse-blog.jpeg\" style=\"object-position:50% 19%\" data-object-fit=\"cover\" data-object-position=\"50% 19%\" srcset=\"https:\/\/amicaledetection.fr\/wp-content\/uploads\/2021\/03\/Hossegor-Seignosse-blog.jpeg 1701w, https:\/\/amicaledetection.fr\/wp-content\/uploads\/2021\/03\/Hossegor-Seignosse-blog-300x196.jpeg 300w, https:\/\/amicaledetection.fr\/wp-content\/uploads\/2021\/03\/Hossegor-Seignosse-blog-1024x669.jpeg 1024w, https:\/\/amicaledetection.fr\/wp-content\/uploads\/2021\/03\/Hossegor-Seignosse-blog-768x502.jpeg 768w, https:\/\/amicaledetection.fr\/wp-content\/uploads\/2021\/03\/Hossegor-Seignosse-blog-1536x1003.jpeg 1536w\" sizes=\"auto, (max-width: 1701px) 100vw, 1701px\" \/><span aria-hidden=\"true\" class=\"wp-block-cover__background has-nv-site-bg-background-color has-background-dim\"><\/span><div class=\"wp-block-cover__inner-container is-layout-flow wp-block-cover-is-layout-flow\">\n<div class=\"wp-block-group\"><div class=\"wp-block-group__inner-container is-layout-flow wp-block-group-is-layout-flow\">\n<h1 class=\"wp-block-heading has-text-align-center has-neve-link-color-color has-text-color\">Collaborations avec les arch\u00e9ologues<\/h1>\n<\/div><\/div>\n<\/div><\/div>\n\n\n\n<div class=\"wp-block-cover alignfull is-light\" style=\"min-height:600px;aspect-ratio:unset;\"><span aria-hidden=\"true\" class=\"wp-block-cover__background has-nv-dark-bg-background-color has-background-dim-100 has-background-dim\"><\/span><div class=\"wp-block-cover__inner-container is-layout-flow wp-block-cover-is-layout-flow\">\n<div class=\"wp-block-group\"><div class=\"wp-block-group__inner-container is-layout-flow wp-block-group-is-layout-flow\">\n<div style=\"height:80px\" aria-hidden=\"true\" class=\"wp-block-spacer\"><\/div>\n\n\n\n<div class=\"wp-block-columns are-vertically-aligned-center is-layout-flex wp-container-core-columns-is-layout-9d6595d7 wp-block-columns-is-layout-flex\">\n<div class=\"wp-block-column is-vertically-aligned-center is-layout-flow wp-block-column-is-layout-flow\" style=\"flex-basis:50%\">\n<h2 class=\"wp-block-heading has-text-align-center has-nv-text-dark-bg-color has-text-color\">Op\u00e9rations avec autorisations pr\u00e9fectorales<\/h2>\n\n\n\n<p class=\"has-nv-text-dark-bg-color has-text-color\">Plusieurs autorisations pr\u00e9fectorales nous ont \u00e9t\u00e9 accord\u00e9es pour des op\u00e9rations de prospections\/inventaires :  <\/p>\n\n\n\n<p class=\"has-nv-text-dark-bg-color has-text-color\">Commune d&rsquo;URGONS en 2004<\/p>\n\n\n\n<p class=\"has-nv-text-dark-bg-color has-text-color\">Commune de Cachen en 2011<\/p>\n\n\n\n<p class=\"has-nv-text-dark-bg-color has-text-color\">Commune de Gourb\u00e9ra en 2017<\/p>\n\n\n\n<p class=\"has-nv-text-dark-bg-color has-text-color\">Commune de Buglose en 2019<\/p>\n\n\n\n<p class=\"has-nv-text-dark-bg-color has-text-color\">Commune de Cauna, Lamothe, Souprosse et Aire\/Adour en 2019\/2020\/2021<\/p>\n\n\n\n<p class=\"has-nv-text-dark-bg-color has-text-color\">Toutes ces op\u00e9rations ont fait l&rsquo;objet de comptes-rendus  et de publications.<\/p>\n\n\n\n<p><\/p>\n\n\n\n<p><\/p>\n\n\n\n<ul class=\"wp-block-list\">\n<li><\/li>\n<\/ul>\n\n\n\n<div style=\"height:20px\" aria-hidden=\"true\" class=\"wp-block-spacer\"><\/div>\n\n\n\n<ul class=\"wp-block-list\">\n<li><\/li>\n<\/ul>\n<\/div>\n\n\n\n<div class=\"wp-block-column is-vertically-aligned-center is-layout-flow wp-block-column-is-layout-flow\" style=\"flex-basis:50%\">\n<figure class=\"wp-block-image size-medium is-resized\"><img loading=\"lazy\" decoding=\"async\" width=\"300\" height=\"300\" src=\"https:\/\/amicaledetection.fr\/wp-content\/uploads\/2024\/06\/Entree-camp-300x300.jpg\" alt=\"\" class=\"wp-image-3291\" style=\"width:369px;height:auto\" srcset=\"https:\/\/amicaledetection.fr\/wp-content\/uploads\/2024\/06\/Entree-camp-300x300.jpg 300w, https:\/\/amicaledetection.fr\/wp-content\/uploads\/2024\/06\/Entree-camp-150x150.jpg 150w, https:\/\/amicaledetection.fr\/wp-content\/uploads\/2024\/06\/Entree-camp-768x768.jpg 768w, https:\/\/amicaledetection.fr\/wp-content\/uploads\/2024\/06\/Entree-camp.jpg 1000w\" sizes=\"auto, (max-width: 300px) 100vw, 300px\" \/><\/figure>\n\n\n<div class=\"wp-block-image\">\n<figure class=\"aligncenter size-medium is-resized\"><img loading=\"lazy\" decoding=\"async\" width=\"300\" height=\"300\" src=\"https:\/\/amicaledetection.fr\/wp-content\/uploads\/2024\/06\/Aire-1-300x300.jpg\" alt=\"\" class=\"wp-image-3293\" style=\"width:378px;height:auto\" srcset=\"https:\/\/amicaledetection.fr\/wp-content\/uploads\/2024\/06\/Aire-1-300x300.jpg 300w, https:\/\/amicaledetection.fr\/wp-content\/uploads\/2024\/06\/Aire-1-150x150.jpg 150w, https:\/\/amicaledetection.fr\/wp-content\/uploads\/2024\/06\/Aire-1-768x768.jpg 768w, https:\/\/amicaledetection.fr\/wp-content\/uploads\/2024\/06\/Aire-1.jpg 1000w\" sizes=\"auto, (max-width: 300px) 100vw, 300px\" \/><\/figure>\n<\/div>\n\n\n<p><\/p>\n<\/div>\n<\/div>\n\n\n\n<div style=\"height:40px\" aria-hidden=\"true\" class=\"wp-block-spacer\"><\/div>\n\n\n\n<p><\/p>\n<\/div><\/div>\n<\/div><\/div>\n\n\n\n<div class=\"wp-block-cover alignfull is-light\" style=\"min-height:600px;aspect-ratio:unset;\"><span aria-hidden=\"true\" class=\"wp-block-cover__background has-nv-light-bg-background-color has-background-dim-100 has-background-dim\"><\/span><div class=\"wp-block-cover__inner-container is-layout-flow wp-block-cover-is-layout-flow\">\n<div class=\"wp-block-group\"><div class=\"wp-block-group__inner-container is-layout-flow wp-block-group-is-layout-flow\">\n<div style=\"height:80px\" aria-hidden=\"true\" class=\"wp-block-spacer\"><\/div>\n\n\n\n<h2 class=\"wp-block-heading has-neve-link-color-color has-text-color\">Collaborations avec les arch\u00e9ologues<\/h2>\n\n\n\n<div class=\"wp-block-columns alignwide is-layout-flex wp-container-core-columns-is-layout-9d6595d7 wp-block-columns-is-layout-flex\">\n<div class=\"wp-block-column is-layout-flow wp-block-column-is-layout-flow\" style=\"flex-basis:34%\">\n<p><\/p>\n\n\n\n<p><\/p>\n\n\n\n<p>A la demande des arch\u00e9ologues, l&rsquo;association met \u00e0 disposition des prospecteurs et son expertise, soit lors de fouilles de sauvegardes comme en 2019 \u00e0 Haut-Mauco avec l&rsquo;INRAP, soit en collaboration directe avec les arch\u00e9ologues notamment sur un PCR d&rsquo;un site antique en Haute-Garonne depuis 2022 (toujours en cours).<\/p>\n\n\n\n<p>Mais aussi sur plusieurs oppidums (oppida) et sites m\u00e9di\u00e9vaux en Hautes-Pyr\u00e9n\u00e9es et Haute-Garonne, sur un sanctuaire antique dans les Deux-S\u00e8vres ou sur l&#8217;emplacement d&rsquo;une ville antique nomm\u00e9e Elusa en coordination \u00e9troite avec les responsables d&rsquo;op\u00e9rations.<\/p>\n<\/div>\n\n\n\n<div class=\"wp-block-column is-layout-flow wp-block-column-is-layout-flow\" style=\"flex-basis:66.79%\">\n<figure class=\"wp-block-gallery has-nested-images columns-default is-cropped wp-block-gallery-1 is-layout-flex wp-block-gallery-is-layout-flex\">\n<figure class=\"wp-block-image size-full\"><img loading=\"lazy\" decoding=\"async\" width=\"1000\" height=\"1000\" data-id=\"3294\" src=\"https:\/\/amicaledetection.fr\/wp-content\/uploads\/2024\/06\/Inrap.jpg\" alt=\"\" class=\"wp-image-3294\" srcset=\"https:\/\/amicaledetection.fr\/wp-content\/uploads\/2024\/06\/Inrap.jpg 1000w, https:\/\/amicaledetection.fr\/wp-content\/uploads\/2024\/06\/Inrap-300x300.jpg 300w, https:\/\/amicaledetection.fr\/wp-content\/uploads\/2024\/06\/Inrap-150x150.jpg 150w, https:\/\/amicaledetection.fr\/wp-content\/uploads\/2024\/06\/Inrap-768x768.jpg 768w\" sizes=\"auto, (max-width: 1000px) 100vw, 1000px\" \/><figcaption class=\"wp-element-caption\">Zone d\u00e9cap\u00e9e, localisation des objets m\u00e9talliques avec l&rsquo;INRAP<\/figcaption><\/figure>\n\n\n\n<figure class=\"wp-block-image size-full\"><img loading=\"lazy\" decoding=\"async\" width=\"1000\" height=\"1000\" data-id=\"3296\" src=\"https:\/\/amicaledetection.fr\/wp-content\/uploads\/2024\/06\/Recherche-sur-le-camp.jpg\" alt=\"\" class=\"wp-image-3296\" srcset=\"https:\/\/amicaledetection.fr\/wp-content\/uploads\/2024\/06\/Recherche-sur-le-camp.jpg 1000w, https:\/\/amicaledetection.fr\/wp-content\/uploads\/2024\/06\/Recherche-sur-le-camp-300x300.jpg 300w, https:\/\/amicaledetection.fr\/wp-content\/uploads\/2024\/06\/Recherche-sur-le-camp-150x150.jpg 150w, https:\/\/amicaledetection.fr\/wp-content\/uploads\/2024\/06\/Recherche-sur-le-camp-768x768.jpg 768w\" sizes=\"auto, (max-width: 1000px) 100vw, 1000px\" \/><figcaption class=\"wp-element-caption\">Sur le camp romain<\/figcaption><\/figure>\n\n\n\n<figure class=\"wp-block-image size-full\"><img loading=\"lazy\" decoding=\"async\" width=\"1000\" height=\"1000\" data-id=\"3295\" src=\"https:\/\/amicaledetection.fr\/wp-content\/uploads\/2024\/06\/Recherche-sur-le-camp-romai.jpg\" alt=\"\" class=\"wp-image-3295\" srcset=\"https:\/\/amicaledetection.fr\/wp-content\/uploads\/2024\/06\/Recherche-sur-le-camp-romai.jpg 1000w, https:\/\/amicaledetection.fr\/wp-content\/uploads\/2024\/06\/Recherche-sur-le-camp-romai-300x300.jpg 300w, https:\/\/amicaledetection.fr\/wp-content\/uploads\/2024\/06\/Recherche-sur-le-camp-romai-150x150.jpg 150w, https:\/\/amicaledetection.fr\/wp-content\/uploads\/2024\/06\/Recherche-sur-le-camp-romai-768x768.jpg 768w\" sizes=\"auto, (max-width: 1000px) 100vw, 1000px\" \/><figcaption class=\"wp-element-caption\">Sur le camp romain<\/figcaption><\/figure>\n\n\n\n<figure class=\"wp-block-image size-full\"><img loading=\"lazy\" decoding=\"async\" width=\"1000\" height=\"1000\" data-id=\"3297\" src=\"https:\/\/amicaledetection.fr\/wp-content\/uploads\/2024\/06\/Lequipe-sur-le-camp-romain.jpg\" alt=\"\" class=\"wp-image-3297\" srcset=\"https:\/\/amicaledetection.fr\/wp-content\/uploads\/2024\/06\/Lequipe-sur-le-camp-romain.jpg 1000w, https:\/\/amicaledetection.fr\/wp-content\/uploads\/2024\/06\/Lequipe-sur-le-camp-romain-300x300.jpg 300w, https:\/\/amicaledetection.fr\/wp-content\/uploads\/2024\/06\/Lequipe-sur-le-camp-romain-150x150.jpg 150w, https:\/\/amicaledetection.fr\/wp-content\/uploads\/2024\/06\/Lequipe-sur-le-camp-romain-768x768.jpg 768w\" sizes=\"auto, (max-width: 1000px) 100vw, 1000px\" \/><figcaption class=\"wp-element-caption\">Sur le camp romain<\/figcaption><\/figure>\n\n\n\n<figure class=\"wp-block-image size-full\"><img loading=\"lazy\" decoding=\"async\" width=\"1000\" height=\"1000\" data-id=\"3298\" src=\"https:\/\/amicaledetection.fr\/wp-content\/uploads\/2024\/06\/Fouilles-du-decapage.jpg\" alt=\"\" class=\"wp-image-3298\" srcset=\"https:\/\/amicaledetection.fr\/wp-content\/uploads\/2024\/06\/Fouilles-du-decapage.jpg 1000w, https:\/\/amicaledetection.fr\/wp-content\/uploads\/2024\/06\/Fouilles-du-decapage-300x300.jpg 300w, https:\/\/amicaledetection.fr\/wp-content\/uploads\/2024\/06\/Fouilles-du-decapage-150x150.jpg 150w, https:\/\/amicaledetection.fr\/wp-content\/uploads\/2024\/06\/Fouilles-du-decapage-768x768.jpg 768w\" sizes=\"auto, (max-width: 1000px) 100vw, 1000px\" \/><figcaption class=\"wp-element-caption\">Traitement du d\u00e9capage<\/figcaption><\/figure>\n\n\n\n<figure class=\"wp-block-image size-large\"><img loading=\"lazy\" decoding=\"async\" width=\"1024\" height=\"576\" data-id=\"3299\" src=\"https:\/\/amicaledetection.fr\/wp-content\/uploads\/2024\/06\/Recherche-de-chemins-antiques--1024x576.jpg\" alt=\"\" class=\"wp-image-3299\" srcset=\"https:\/\/amicaledetection.fr\/wp-content\/uploads\/2024\/06\/Recherche-de-chemins-antiques--1024x576.jpg 1024w, https:\/\/amicaledetection.fr\/wp-content\/uploads\/2024\/06\/Recherche-de-chemins-antiques--300x169.jpg 300w, https:\/\/amicaledetection.fr\/wp-content\/uploads\/2024\/06\/Recherche-de-chemins-antiques--768x432.jpg 768w, https:\/\/amicaledetection.fr\/wp-content\/uploads\/2024\/06\/Recherche-de-chemins-antiques--1536x864.jpg 1536w, https:\/\/amicaledetection.fr\/wp-content\/uploads\/2024\/06\/Recherche-de-chemins-antiques--2048x1152.jpg 2048w\" sizes=\"auto, (max-width: 1024px) 100vw, 1024px\" \/><figcaption class=\"wp-element-caption\">Recherche des chemins antiques<\/figcaption><\/figure>\n\n\n\n<figure class=\"wp-block-image size-full\"><img loading=\"lazy\" decoding=\"async\" width=\"1000\" height=\"1000\" data-id=\"3380\" src=\"https:\/\/amicaledetection.fr\/wp-content\/uploads\/2024\/10\/Montserie-2.jpg\" alt=\"\" class=\"wp-image-3380\" srcset=\"https:\/\/amicaledetection.fr\/wp-content\/uploads\/2024\/10\/Montserie-2.jpg 1000w, https:\/\/amicaledetection.fr\/wp-content\/uploads\/2024\/10\/Montserie-2-300x300.jpg 300w, https:\/\/amicaledetection.fr\/wp-content\/uploads\/2024\/10\/Montserie-2-150x150.jpg 150w, https:\/\/amicaledetection.fr\/wp-content\/uploads\/2024\/10\/Montserie-2-768x768.jpg 768w\" sizes=\"auto, (max-width: 1000px) 100vw, 1000px\" \/><figcaption class=\"wp-element-caption\">Prospection de la zone autour des fouilles<\/figcaption><\/figure>\n\n\n\n<figure class=\"wp-block-image size-full\"><img loading=\"lazy\" decoding=\"async\" width=\"1000\" height=\"1000\" data-id=\"3381\" src=\"https:\/\/amicaledetection.fr\/wp-content\/uploads\/2024\/10\/Ardin-2024-1.jpg\" alt=\"\" class=\"wp-image-3381\" srcset=\"https:\/\/amicaledetection.fr\/wp-content\/uploads\/2024\/10\/Ardin-2024-1.jpg 1000w, https:\/\/amicaledetection.fr\/wp-content\/uploads\/2024\/10\/Ardin-2024-1-300x300.jpg 300w, https:\/\/amicaledetection.fr\/wp-content\/uploads\/2024\/10\/Ardin-2024-1-150x150.jpg 150w, https:\/\/amicaledetection.fr\/wp-content\/uploads\/2024\/10\/Ardin-2024-1-768x768.jpg 768w\" sizes=\"auto, (max-width: 1000px) 100vw, 1000px\" \/><figcaption class=\"wp-element-caption\">Sanctuaire p\u00e9riurbain \u00e0 Ardin<\/figcaption><\/figure>\n\n\n\n<figure class=\"wp-block-image size-large\"><img loading=\"lazy\" decoding=\"async\" width=\"1000\" height=\"1000\" data-id=\"3377\" src=\"https:\/\/amicaledetection.fr\/wp-content\/uploads\/2024\/10\/Eauze-site.jpg\" alt=\"\" class=\"wp-image-3377\" srcset=\"https:\/\/amicaledetection.fr\/wp-content\/uploads\/2024\/10\/Eauze-site.jpg 1000w, https:\/\/amicaledetection.fr\/wp-content\/uploads\/2024\/10\/Eauze-site-300x300.jpg 300w, https:\/\/amicaledetection.fr\/wp-content\/uploads\/2024\/10\/Eauze-site-150x150.jpg 150w, https:\/\/amicaledetection.fr\/wp-content\/uploads\/2024\/10\/Eauze-site-768x768.jpg 768w\" sizes=\"auto, (max-width: 1000px) 100vw, 1000px\" \/><figcaption class=\"wp-element-caption\"><br><br>Ville antique d&rsquo;Elusa 2024<\/figcaption><\/figure>\n\n\n\n<figure class=\"wp-block-image size-large\"><img loading=\"lazy\" decoding=\"async\" width=\"1024\" height=\"577\" data-id=\"3441\" src=\"https:\/\/amicaledetection.fr\/wp-content\/uploads\/2025\/05\/Le-groupe-1-1024x577.jpg\" alt=\"\" class=\"wp-image-3441\" srcset=\"https:\/\/amicaledetection.fr\/wp-content\/uploads\/2025\/05\/Le-groupe-1-1024x577.jpg 1024w, https:\/\/amicaledetection.fr\/wp-content\/uploads\/2025\/05\/Le-groupe-1-300x169.jpg 300w, https:\/\/amicaledetection.fr\/wp-content\/uploads\/2025\/05\/Le-groupe-1-768x433.jpg 768w, https:\/\/amicaledetection.fr\/wp-content\/uploads\/2025\/05\/Le-groupe-1.jpg 1500w\" sizes=\"auto, (max-width: 1024px) 100vw, 1024px\" \/><\/figure>\n\n\n\n<figure class=\"wp-block-image size-large\"><img loading=\"lazy\" decoding=\"async\" width=\"1024\" height=\"525\" data-id=\"3442\" src=\"https:\/\/amicaledetection.fr\/wp-content\/uploads\/2025\/05\/Le-groupe-2-1024x525.jpg\" alt=\"\" class=\"wp-image-3442\" srcset=\"https:\/\/amicaledetection.fr\/wp-content\/uploads\/2025\/05\/Le-groupe-2-1024x525.jpg 1024w, https:\/\/amicaledetection.fr\/wp-content\/uploads\/2025\/05\/Le-groupe-2-300x154.jpg 300w, https:\/\/amicaledetection.fr\/wp-content\/uploads\/2025\/05\/Le-groupe-2-768x394.jpg 768w, https:\/\/amicaledetection.fr\/wp-content\/uploads\/2025\/05\/Le-groupe-2.jpg 1500w\" sizes=\"auto, (max-width: 1024px) 100vw, 1024px\" \/><\/figure>\n\n\n\n<figure class=\"wp-block-image size-large\"><img loading=\"lazy\" decoding=\"async\" width=\"1024\" height=\"819\" data-id=\"3551\" src=\"https:\/\/amicaledetection.fr\/wp-content\/uploads\/2025\/11\/Lequipe-2025-1024x819.jpg\" alt=\"\" class=\"wp-image-3551\" srcset=\"https:\/\/amicaledetection.fr\/wp-content\/uploads\/2025\/11\/Lequipe-2025-1024x819.jpg 1024w, https:\/\/amicaledetection.fr\/wp-content\/uploads\/2025\/11\/Lequipe-2025-300x240.jpg 300w, https:\/\/amicaledetection.fr\/wp-content\/uploads\/2025\/11\/Lequipe-2025-768x614.jpg 768w, https:\/\/amicaledetection.fr\/wp-content\/uploads\/2025\/11\/Lequipe-2025.jpg 1500w\" sizes=\"auto, (max-width: 1024px) 100vw, 1024px\" \/><\/figure>\n\n\n\n<figure class=\"wp-block-image size-large\"><img loading=\"lazy\" decoding=\"async\" width=\"1024\" height=\"625\" data-id=\"3553\" src=\"https:\/\/amicaledetection.fr\/wp-content\/uploads\/2025\/11\/Lequipe--1024x625.jpg\" alt=\"\" class=\"wp-image-3553\" srcset=\"https:\/\/amicaledetection.fr\/wp-content\/uploads\/2025\/11\/Lequipe--1024x625.jpg 1024w, https:\/\/amicaledetection.fr\/wp-content\/uploads\/2025\/11\/Lequipe--300x183.jpg 300w, https:\/\/amicaledetection.fr\/wp-content\/uploads\/2025\/11\/Lequipe--768x469.jpg 768w, https:\/\/amicaledetection.fr\/wp-content\/uploads\/2025\/11\/Lequipe-.jpg 1500w\" sizes=\"auto, (max-width: 1024px) 100vw, 1024px\" \/><\/figure>\n<\/figure>\n<\/div>\n<\/div>\n\n\n\n<p>:<\/p>\n\n\n\n<div style=\"height:40px\" aria-hidden=\"true\" class=\"wp-block-spacer\"><\/div>\n<\/div><\/div>\n<\/div><\/div>\n\n\n\n<div class=\"wp-block-cover alignfull is-light\" style=\"min-height:600px;aspect-ratio:unset;\"><span aria-hidden=\"true\" class=\"wp-block-cover__background has-nv-light-bg-background-color has-background-dim-100 has-background-dim\"><\/span><div class=\"wp-block-cover__inner-container is-layout-flow wp-block-cover-is-layout-flow\">\n<div class=\"wp-block-group\"><div class=\"wp-block-group__inner-container is-layout-flow wp-block-group-is-layout-flow\">\n<div style=\"height:80px\" aria-hidden=\"true\" class=\"wp-block-spacer\"><\/div>\n\n\n\n<h2 class=\"wp-block-heading has-neve-link-color-color has-text-color\"><\/h2>\n\n\n\n<div class=\"wp-block-columns alignwide is-layout-flex wp-container-core-columns-is-layout-9d6595d7 wp-block-columns-is-layout-flex\">\n<div class=\"wp-block-column is-layout-flow wp-block-column-is-layout-flow\" style=\"flex-basis:34%\">\n<p><\/p>\n<\/div>\n\n\n\n<div class=\"wp-block-column is-layout-flow wp-block-column-is-layout-flow\" style=\"flex-basis:66.79%\">\n<figure class=\"wp-block-gallery has-nested-images columns-default is-cropped wp-block-gallery-2 is-layout-flex wp-block-gallery-is-layout-flex\"><\/figure>\n<\/div>\n<\/div>\n\n\n\n<div style=\"height:40px\" aria-hidden=\"true\" class=\"wp-block-spacer\"><\/div>\n<\/div><\/div>\n<\/div><\/div>\n","protected":false},"excerpt":{"rendered":"","protected":false},"author":1,"featured_media":0,"parent":0,"menu_order":0,"comment_status":"closed","ping_status":"closed","template":"","meta":{"neve_meta_sidebar":"full-width","neve_meta_container":"","neve_meta_enable_content_width":"on","neve_meta_content_width":100,"neve_meta_title_alignment":"","neve_meta_author_avatar":"","neve_post_elements_order":"","neve_meta_disable_header":"","neve_meta_disable_footer":"","neve_meta_disable_title":"","footnotes":""},"class_list":["post-2720","page","type-page","status-publish","hentry"],"_links":{"self":[{"href":"https:\/\/amicaledetection.fr\/index.php?rest_route=\/wp\/v2\/pages\/2720","targetHints":{"allow":["GET"]}}],"collection":[{"href":"https:\/\/amicaledetection.fr\/index.php?rest_route=\/wp\/v2\/pages"}],"about":[{"href":"https:\/\/amicaledetection.fr\/index.php?rest_route=\/wp\/v2\/types\/page"}],"author":[{"embeddable":true,"href":"https:\/\/amicaledetection.fr\/index.php?rest_route=\/wp\/v2\/users\/1"}],"replies":[{"embeddable":true,"href":"https:\/\/amicaledetection.fr\/index.php?rest_route=%2Fwp%2Fv2%2Fcomments&post=2720"}],"version-history":[{"count":12,"href":"https:\/\/amicaledetection.fr\/index.php?rest_route=\/wp\/v2\/pages\/2720\/revisions"}],"predecessor-version":[{"id":3554,"href":"https:\/\/amicaledetection.fr\/index.php?rest_route=\/wp\/v2\/pages\/2720\/revisions\/3554"}],"wp:attachment":[{"href":"https:\/\/amicaledetection.fr\/index.php?rest_route=%2Fwp%2Fv2%2Fmedia&parent=2720"}],"curies":[{"name":"wp","href":"https:\/\/api.w.org\/{rel}","templated":true}]}}